{"id":2073,"date":"2024-02-08T17:52:25","date_gmt":"2024-02-08T15:52:25","guid":{"rendered":"https:\/\/www.sumeshi.ro\/brasov\/?post_type=product&#038;p=2073"},"modified":"2025-12-19T09:05:06","modified_gmt":"2025-12-19T07:05:06","slug":"crab-baked","status":"publish","type":"product","link":"https:\/\/www.sumeshi.ro\/brasov\/product\/crab-baked\/","title":{"rendered":"Crab Baked"},"content":{"rendered":"","protected":false},"excerpt":{"rendered":"<p>Orez, alge nori, crab mix, crem\u0103 de br\u00e2nz\u0103, sos unagi, parmezan, sos backed.<\/p>\n<p>Include sos de soia, wasabi \u0219i ghimbir.<\/p>\n<p>290g<\/p>\n","protected":false},"featured_media":2088,"template":"","meta":[],"product_brand":[],"product_cat":[21],"product_tag":[],"class_list":{"0":"post-2073","1":"product","2":"type-product","3":"status-publish","4":"has-post-thumbnail","6":"product_cat-rolls","8":"first","9":"instock","10":"shipping-taxable","11":"product-type-simple"},"_links":{"self":[{"href":"https:\/\/www.sumeshi.ro\/brasov\/wp-json\/wp\/v2\/product\/2073","targetHints":{"allow":["GET"]}}],"collection":[{"href":"https:\/\/www.sumeshi.ro\/brasov\/wp-json\/wp\/v2\/product"}],"about":[{"href":"https:\/\/www.sumeshi.ro\/brasov\/wp-json\/wp\/v2\/types\/product"}],"wp:featuredmedia":[{"embeddable":true,"href":"https:\/\/www.sumeshi.ro\/brasov\/wp-json\/wp\/v2\/media\/2088"}],"wp:attachment":[{"href":"https:\/\/www.sumeshi.ro\/brasov\/wp-json\/wp\/v2\/media?parent=2073"}],"wp:term":[{"taxonomy":"product_brand","embeddable":true,"href":"https:\/\/www.sumeshi.ro\/brasov\/wp-json\/wp\/v2\/product_brand?post=2073"},{"taxonomy":"product_cat","embeddable":true,"href":"https:\/\/www.sumeshi.ro\/brasov\/wp-json\/wp\/v2\/product_cat?post=2073"},{"taxonomy":"product_tag","embeddable":true,"href":"https:\/\/www.sumeshi.ro\/brasov\/wp-json\/wp\/v2\/product_tag?post=2073"}],"curies":[{"name":"wp","href":"https:\/\/api.w.org\/{rel}","templated":true}]}}