{"id":2085,"date":"2024-02-08T18:11:34","date_gmt":"2024-02-08T16:11:34","guid":{"rendered":"https:\/\/www.sumeshi.ro\/brasov\/?post_type=product&#038;p=2085"},"modified":"2026-04-09T14:32:39","modified_gmt":"2026-04-09T11:32:39","slug":"salmon-tartar","status":"publish","type":"product","link":"https:\/\/www.sumeshi.ro\/brasov\/product\/salmon-tartar\/","title":{"rendered":"Salmon Tartar"},"content":{"rendered":"","protected":false},"excerpt":{"rendered":"<p>Somon proasp\u0103t, avocado, sos kimchi, suc de l\u0103m\u00e2ie, ceap\u0103, f\u0103in\u0103 tempura crocant\u0103, icre tobiko, sos de soia.<\/p>\n<p>160gr<\/p>\n","protected":false},"featured_media":3893,"template":"","meta":[],"product_brand":[],"product_cat":[53],"product_tag":[],"class_list":{"0":"post-2085","1":"product","2":"type-product","3":"status-publish","4":"has-post-thumbnail","6":"product_cat-tartar","8":"first","9":"instock","10":"shipping-taxable","11":"product-type-simple"},"_links":{"self":[{"href":"https:\/\/www.sumeshi.ro\/brasov\/wp-json\/wp\/v2\/product\/2085","targetHints":{"allow":["GET"]}}],"collection":[{"href":"https:\/\/www.sumeshi.ro\/brasov\/wp-json\/wp\/v2\/product"}],"about":[{"href":"https:\/\/www.sumeshi.ro\/brasov\/wp-json\/wp\/v2\/types\/product"}],"wp:featuredmedia":[{"embeddable":true,"href":"https:\/\/www.sumeshi.ro\/brasov\/wp-json\/wp\/v2\/media\/3893"}],"wp:attachment":[{"href":"https:\/\/www.sumeshi.ro\/brasov\/wp-json\/wp\/v2\/media?parent=2085"}],"wp:term":[{"taxonomy":"product_brand","embeddable":true,"href":"https:\/\/www.sumeshi.ro\/brasov\/wp-json\/wp\/v2\/product_brand?post=2085"},{"taxonomy":"product_cat","embeddable":true,"href":"https:\/\/www.sumeshi.ro\/brasov\/wp-json\/wp\/v2\/product_cat?post=2085"},{"taxonomy":"product_tag","embeddable":true,"href":"https:\/\/www.sumeshi.ro\/brasov\/wp-json\/wp\/v2\/product_tag?post=2085"}],"curies":[{"name":"wp","href":"https:\/\/api.w.org\/{rel}","templated":true}]}}