{"id":3033,"date":"2025-04-23T18:04:48","date_gmt":"2025-04-23T16:04:48","guid":{"rendered":"https:\/\/www.sumeshi.ro\/brasov\/?post_type=product&#038;p=3033"},"modified":"2025-12-19T09:03:54","modified_gmt":"2025-12-19T07:03:54","slug":"special-hot-shrimp-roll","status":"publish","type":"product","link":"https:\/\/www.sumeshi.ro\/brasov\/product\/special-hot-shrimp-roll\/","title":{"rendered":"Special Hot Shrimp Roll"},"content":{"rendered":"","protected":false},"excerpt":{"rendered":"<p>Orez, castrave\u021bi, alge wakame crem\u0103 de br\u00e2nz\u0103, creve\u021bi congela\u021bi, sos sweet chili, ceap\u0103 pr\u0103jit\u0103.<\/p>\n<p>Include sos de soia, wasabi \u0219i ghimbir.<\/p>\n<p>300g<\/p>\n","protected":false},"featured_media":3149,"template":"","meta":[],"product_brand":[],"product_cat":[21],"product_tag":[],"class_list":{"0":"post-3033","1":"product","2":"type-product","3":"status-publish","4":"has-post-thumbnail","6":"product_cat-rolls","8":"first","9":"instock","10":"shipping-taxable","11":"product-type-simple"},"_links":{"self":[{"href":"https:\/\/www.sumeshi.ro\/brasov\/wp-json\/wp\/v2\/product\/3033","targetHints":{"allow":["GET"]}}],"collection":[{"href":"https:\/\/www.sumeshi.ro\/brasov\/wp-json\/wp\/v2\/product"}],"about":[{"href":"https:\/\/www.sumeshi.ro\/brasov\/wp-json\/wp\/v2\/types\/product"}],"wp:featuredmedia":[{"embeddable":true,"href":"https:\/\/www.sumeshi.ro\/brasov\/wp-json\/wp\/v2\/media\/3149"}],"wp:attachment":[{"href":"https:\/\/www.sumeshi.ro\/brasov\/wp-json\/wp\/v2\/media?parent=3033"}],"wp:term":[{"taxonomy":"product_brand","embeddable":true,"href":"https:\/\/www.sumeshi.ro\/brasov\/wp-json\/wp\/v2\/product_brand?post=3033"},{"taxonomy":"product_cat","embeddable":true,"href":"https:\/\/www.sumeshi.ro\/brasov\/wp-json\/wp\/v2\/product_cat?post=3033"},{"taxonomy":"product_tag","embeddable":true,"href":"https:\/\/www.sumeshi.ro\/brasov\/wp-json\/wp\/v2\/product_tag?post=3033"}],"curies":[{"name":"wp","href":"https:\/\/api.w.org\/{rel}","templated":true}]}}