{"id":3053,"date":"2025-04-23T18:38:59","date_gmt":"2025-04-23T16:38:59","guid":{"rendered":"https:\/\/www.sumeshi.ro\/brasov\/?post_type=product&#038;p=3053"},"modified":"2025-05-29T18:08:11","modified_gmt":"2025-05-29T15:08:11","slug":"salmon-sushi-dog","status":"publish","type":"product","link":"https:\/\/www.sumeshi.ro\/brasov\/product\/salmon-sushi-dog\/","title":{"rendered":"Salmon Sushi Dog"},"content":{"rendered":"","protected":false},"excerpt":{"rendered":"<p>Orez, tempura, somon pr\u0103jit, crem\u0103 de br\u00e2nz\u0103, castrave\u021bi, maionez\u0103, tobiko, sos unagi<br \/>\n210g<\/p>\n","protected":false},"featured_media":3140,"template":"","meta":[],"product_brand":[],"product_cat":[50],"product_tag":[],"class_list":{"0":"post-3053","1":"product","2":"type-product","3":"status-publish","4":"has-post-thumbnail","6":"product_cat-sushirito","8":"first","9":"instock","10":"shipping-taxable","11":"product-type-simple"},"_links":{"self":[{"href":"https:\/\/www.sumeshi.ro\/brasov\/wp-json\/wp\/v2\/product\/3053","targetHints":{"allow":["GET"]}}],"collection":[{"href":"https:\/\/www.sumeshi.ro\/brasov\/wp-json\/wp\/v2\/product"}],"about":[{"href":"https:\/\/www.sumeshi.ro\/brasov\/wp-json\/wp\/v2\/types\/product"}],"wp:featuredmedia":[{"embeddable":true,"href":"https:\/\/www.sumeshi.ro\/brasov\/wp-json\/wp\/v2\/media\/3140"}],"wp:attachment":[{"href":"https:\/\/www.sumeshi.ro\/brasov\/wp-json\/wp\/v2\/media?parent=3053"}],"wp:term":[{"taxonomy":"product_brand","embeddable":true,"href":"https:\/\/www.sumeshi.ro\/brasov\/wp-json\/wp\/v2\/product_brand?post=3053"},{"taxonomy":"product_cat","embeddable":true,"href":"https:\/\/www.sumeshi.ro\/brasov\/wp-json\/wp\/v2\/product_cat?post=3053"},{"taxonomy":"product_tag","embeddable":true,"href":"https:\/\/www.sumeshi.ro\/brasov\/wp-json\/wp\/v2\/product_tag?post=3053"}],"curies":[{"name":"wp","href":"https:\/\/api.w.org\/{rel}","templated":true}]}}