{"id":3836,"date":"2026-02-14T08:45:56","date_gmt":"2026-02-14T06:45:56","guid":{"rendered":"https:\/\/www.sumeshi.ro\/bucuresti\/?post_type=product&#038;p=3836"},"modified":"2026-02-14T08:45:56","modified_gmt":"2026-02-14T06:45:56","slug":"bora-bora-roll","status":"publish","type":"product","link":"https:\/\/www.sumeshi.ro\/bucuresti\/en\/product\/bora-bora-roll\/","title":{"rendered":"Bora Bora Roll"},"content":{"rendered":"","protected":false},"excerpt":{"rendered":"<p>Orez, nori, creve\u021bi tempura, castrave\u021bi, avocado, somon, carpaccio trufe, sos spicy, unagi, ceap\u0103 pr\u0103jit\u0103, ghimbir, wasabi, sos de soia.<\/p>\n<p>300 g<\/p>","protected":false},"featured_media":3861,"template":"","meta":[],"product_brand":[],"product_cat":[21],"product_tag":[],"class_list":{"0":"post-3836","1":"product","2":"type-product","3":"status-publish","4":"has-post-thumbnail","6":"product_cat-rolls","8":"first","9":"instock","10":"shipping-taxable","11":"purchasable","12":"product-type-simple"},"_links":{"self":[{"href":"https:\/\/www.sumeshi.ro\/bucuresti\/en\/wp-json\/wp\/v2\/product\/3836","targetHints":{"allow":["GET"]}}],"collection":[{"href":"https:\/\/www.sumeshi.ro\/bucuresti\/en\/wp-json\/wp\/v2\/product"}],"about":[{"href":"https:\/\/www.sumeshi.ro\/bucuresti\/en\/wp-json\/wp\/v2\/types\/product"}],"wp:featuredmedia":[{"embeddable":true,"href":"https:\/\/www.sumeshi.ro\/bucuresti\/en\/wp-json\/wp\/v2\/media\/3861"}],"wp:attachment":[{"href":"https:\/\/www.sumeshi.ro\/bucuresti\/en\/wp-json\/wp\/v2\/media?parent=3836"}],"wp:term":[{"taxonomy":"product_brand","embeddable":true,"href":"https:\/\/www.sumeshi.ro\/bucuresti\/en\/wp-json\/wp\/v2\/product_brand?post=3836"},{"taxonomy":"product_cat","embeddable":true,"href":"https:\/\/www.sumeshi.ro\/bucuresti\/en\/wp-json\/wp\/v2\/product_cat?post=3836"},{"taxonomy":"product_tag","embeddable":true,"href":"https:\/\/www.sumeshi.ro\/bucuresti\/en\/wp-json\/wp\/v2\/product_tag?post=3836"}],"curies":[{"name":"wp","href":"https:\/\/api.w.org\/{rel}","templated":true}]}}