{"id":103,"date":"2022-06-14T10:53:03","date_gmt":"2022-06-14T10:53:03","guid":{"rendered":"http:\/\/sumeshi.ro\/clujnew\/?post_type=product&#038;p=103"},"modified":"2025-12-19T09:29:18","modified_gmt":"2025-12-19T07:29:18","slug":"kyoto-roll","status":"publish","type":"product","link":"https:\/\/www.sumeshi.ro\/bucuresti\/product\/kyoto-roll\/","title":{"rendered":"Kyoto Roll"},"content":{"rendered":"","protected":false},"excerpt":{"rendered":"<p>Anghil\u0103 congelat\u0103, sos unagi, crem\u0103 de br\u00e2nz\u0103, castrave\u021bi, orez, alge nori, semin\u0163e de susan.<\/p>\n<p>Sos de soia, ghimbir \u0219i past\u0103 wasabi inclus.<\/p>\n<p>240g\/XXL 280g<\/p>\n","protected":false},"featured_media":1357,"template":"","meta":[],"product_brand":[],"product_cat":[21],"product_tag":[],"class_list":{"0":"post-103","1":"product","2":"type-product","3":"status-publish","4":"has-post-thumbnail","6":"product_cat-rolls","8":"first","9":"instock","10":"shipping-taxable","11":"product-type-simple"},"_links":{"self":[{"href":"https:\/\/www.sumeshi.ro\/bucuresti\/wp-json\/wp\/v2\/product\/103","targetHints":{"allow":["GET"]}}],"collection":[{"href":"https:\/\/www.sumeshi.ro\/bucuresti\/wp-json\/wp\/v2\/product"}],"about":[{"href":"https:\/\/www.sumeshi.ro\/bucuresti\/wp-json\/wp\/v2\/types\/product"}],"wp:featuredmedia":[{"embeddable":true,"href":"https:\/\/www.sumeshi.ro\/bucuresti\/wp-json\/wp\/v2\/media\/1357"}],"wp:attachment":[{"href":"https:\/\/www.sumeshi.ro\/bucuresti\/wp-json\/wp\/v2\/media?parent=103"}],"wp:term":[{"taxonomy":"product_brand","embeddable":true,"href":"https:\/\/www.sumeshi.ro\/bucuresti\/wp-json\/wp\/v2\/product_brand?post=103"},{"taxonomy":"product_cat","embeddable":true,"href":"https:\/\/www.sumeshi.ro\/bucuresti\/wp-json\/wp\/v2\/product_cat?post=103"},{"taxonomy":"product_tag","embeddable":true,"href":"https:\/\/www.sumeshi.ro\/bucuresti\/wp-json\/wp\/v2\/product_tag?post=103"}],"curies":[{"name":"wp","href":"https:\/\/api.w.org\/{rel}","templated":true}]}}