{"id":123,"date":"2022-06-14T12:01:51","date_gmt":"2022-06-14T12:01:51","guid":{"rendered":"http:\/\/sumeshi.ro\/clujnew\/?post_type=product&#038;p=123"},"modified":"2025-12-19T09:22:20","modified_gmt":"2025-12-19T07:22:20","slug":"hot-shrimps-roll","status":"publish","type":"product","link":"https:\/\/www.sumeshi.ro\/bucuresti\/product\/hot-shrimps-roll\/","title":{"rendered":"Hot Shrimps Roll"},"content":{"rendered":"","protected":false},"excerpt":{"rendered":"<p>Creve\u021bi pane, castrave\u021bi, crem\u0103 de br\u00e2nz\u0103, f\u0103in\u0103 tempura, alge nori, orez.<\/p>\n<p>Include sos de soia, wasabi \u0219i ghimbir.<\/p>\n<p>285g, 8buc<\/p>\n","protected":false},"featured_media":1349,"template":"","meta":[],"product_brand":[],"product_cat":[21],"product_tag":[],"class_list":{"0":"post-123","1":"product","2":"type-product","3":"status-publish","4":"has-post-thumbnail","6":"product_cat-rolls","8":"first","9":"instock","10":"shipping-taxable","11":"purchasable","12":"product-type-simple"},"_links":{"self":[{"href":"https:\/\/www.sumeshi.ro\/bucuresti\/wp-json\/wp\/v2\/product\/123","targetHints":{"allow":["GET"]}}],"collection":[{"href":"https:\/\/www.sumeshi.ro\/bucuresti\/wp-json\/wp\/v2\/product"}],"about":[{"href":"https:\/\/www.sumeshi.ro\/bucuresti\/wp-json\/wp\/v2\/types\/product"}],"wp:featuredmedia":[{"embeddable":true,"href":"https:\/\/www.sumeshi.ro\/bucuresti\/wp-json\/wp\/v2\/media\/1349"}],"wp:attachment":[{"href":"https:\/\/www.sumeshi.ro\/bucuresti\/wp-json\/wp\/v2\/media?parent=123"}],"wp:term":[{"taxonomy":"product_brand","embeddable":true,"href":"https:\/\/www.sumeshi.ro\/bucuresti\/wp-json\/wp\/v2\/product_brand?post=123"},{"taxonomy":"product_cat","embeddable":true,"href":"https:\/\/www.sumeshi.ro\/bucuresti\/wp-json\/wp\/v2\/product_cat?post=123"},{"taxonomy":"product_tag","embeddable":true,"href":"https:\/\/www.sumeshi.ro\/bucuresti\/wp-json\/wp\/v2\/product_tag?post=123"}],"curies":[{"name":"wp","href":"https:\/\/api.w.org\/{rel}","templated":true}]}}