{"id":129,"date":"2022-06-14T12:03:06","date_gmt":"2022-06-14T12:03:06","guid":{"rendered":"http:\/\/sumeshi.ro\/clujnew\/?post_type=product&#038;p=129"},"modified":"2025-12-19T09:20:18","modified_gmt":"2025-12-19T07:20:18","slug":"hot-yakuza-roll","status":"publish","type":"product","link":"https:\/\/www.sumeshi.ro\/bucuresti\/product\/hot-yakuza-roll\/","title":{"rendered":"Hot Yakuza Roll"},"content":{"rendered":"","protected":false},"excerpt":{"rendered":"<p>Somon (pr\u0103jit \u00een teriyaki), alge nori, crem\u0103 de br\u00e2nz\u0103, castrave\u021bi, f\u0103in\u0103 tempura, alge wakame, orez, sos unagi, sos de susan, semin\u0163e de susan.<\/p>\n<p>Include sos de soia, wasabi \u0219i ghimbir.<\/p>\n<p>310g, 8buc<\/p>\n","protected":false},"featured_media":1353,"template":"","meta":[],"product_brand":[],"product_cat":[21],"product_tag":[],"class_list":{"0":"post-129","1":"product","2":"type-product","3":"status-publish","4":"has-post-thumbnail","6":"product_cat-rolls","8":"first","9":"instock","10":"shipping-taxable","11":"product-type-simple"},"_links":{"self":[{"href":"https:\/\/www.sumeshi.ro\/bucuresti\/wp-json\/wp\/v2\/product\/129","targetHints":{"allow":["GET"]}}],"collection":[{"href":"https:\/\/www.sumeshi.ro\/bucuresti\/wp-json\/wp\/v2\/product"}],"about":[{"href":"https:\/\/www.sumeshi.ro\/bucuresti\/wp-json\/wp\/v2\/types\/product"}],"wp:featuredmedia":[{"embeddable":true,"href":"https:\/\/www.sumeshi.ro\/bucuresti\/wp-json\/wp\/v2\/media\/1353"}],"wp:attachment":[{"href":"https:\/\/www.sumeshi.ro\/bucuresti\/wp-json\/wp\/v2\/media?parent=129"}],"wp:term":[{"taxonomy":"product_brand","embeddable":true,"href":"https:\/\/www.sumeshi.ro\/bucuresti\/wp-json\/wp\/v2\/product_brand?post=129"},{"taxonomy":"product_cat","embeddable":true,"href":"https:\/\/www.sumeshi.ro\/bucuresti\/wp-json\/wp\/v2\/product_cat?post=129"},{"taxonomy":"product_tag","embeddable":true,"href":"https:\/\/www.sumeshi.ro\/bucuresti\/wp-json\/wp\/v2\/product_tag?post=129"}],"curies":[{"name":"wp","href":"https:\/\/api.w.org\/{rel}","templated":true}]}}