{"id":133,"date":"2022-06-14T12:03:48","date_gmt":"2022-06-14T12:03:48","guid":{"rendered":"http:\/\/sumeshi.ro\/clujnew\/?post_type=product&#038;p=133"},"modified":"2025-12-19T09:18:53","modified_gmt":"2025-12-19T07:18:53","slug":"hot-salmon-roll","status":"publish","type":"product","link":"https:\/\/www.sumeshi.ro\/bucuresti\/product\/hot-salmon-roll\/","title":{"rendered":"Hot Salmon Roll"},"content":{"rendered":"","protected":false},"excerpt":{"rendered":"<p>Somon pr\u0103jit, orez, mango, crem\u0103 de br\u00e2nz\u0103, f\u0103in\u0103 tempura, alge nori, sos de susan, semin\u0163e de susan.<\/p>\n<p>Include sos de soia, wasabi \u0219i ghimbir.<\/p>\n<p>310g, 8buc<\/p>\n","protected":false},"featured_media":1351,"template":"","meta":[],"product_brand":[],"product_cat":[21],"product_tag":[],"class_list":{"0":"post-133","1":"product","2":"type-product","3":"status-publish","4":"has-post-thumbnail","6":"product_cat-rolls","8":"first","9":"instock","10":"shipping-taxable","11":"product-type-simple"},"_links":{"self":[{"href":"https:\/\/www.sumeshi.ro\/bucuresti\/wp-json\/wp\/v2\/product\/133","targetHints":{"allow":["GET"]}}],"collection":[{"href":"https:\/\/www.sumeshi.ro\/bucuresti\/wp-json\/wp\/v2\/product"}],"about":[{"href":"https:\/\/www.sumeshi.ro\/bucuresti\/wp-json\/wp\/v2\/types\/product"}],"wp:featuredmedia":[{"embeddable":true,"href":"https:\/\/www.sumeshi.ro\/bucuresti\/wp-json\/wp\/v2\/media\/1351"}],"wp:attachment":[{"href":"https:\/\/www.sumeshi.ro\/bucuresti\/wp-json\/wp\/v2\/media?parent=133"}],"wp:term":[{"taxonomy":"product_brand","embeddable":true,"href":"https:\/\/www.sumeshi.ro\/bucuresti\/wp-json\/wp\/v2\/product_brand?post=133"},{"taxonomy":"product_cat","embeddable":true,"href":"https:\/\/www.sumeshi.ro\/bucuresti\/wp-json\/wp\/v2\/product_cat?post=133"},{"taxonomy":"product_tag","embeddable":true,"href":"https:\/\/www.sumeshi.ro\/bucuresti\/wp-json\/wp\/v2\/product_tag?post=133"}],"curies":[{"name":"wp","href":"https:\/\/api.w.org\/{rel}","templated":true}]}}