{"id":180,"date":"2022-06-14T12:12:46","date_gmt":"2022-06-14T12:12:46","guid":{"rendered":"http:\/\/sumeshi.ro\/clujnew\/?post_type=product&#038;p=180"},"modified":"2025-12-19T09:55:58","modified_gmt":"2025-12-19T07:55:58","slug":"sashimi-unagi","status":"publish","type":"product","link":"https:\/\/www.sumeshi.ro\/bucuresti\/product\/sashimi-unagi\/","title":{"rendered":"Sashimi Unagi Eel"},"content":{"rendered":"","protected":false},"excerpt":{"rendered":"<p>Anghil\u0103 congelat\u0103, ridiche marinat\u0103 Daikon, castrave\u021bi, icre tobiko, lime, semin\u0163e de susan.<\/p>\n<p>50\/50g<\/p>\n","protected":false},"featured_media":1381,"template":"","meta":[],"product_brand":[],"product_cat":[29],"product_tag":[],"class_list":{"0":"post-180","1":"product","2":"type-product","3":"status-publish","4":"has-post-thumbnail","6":"product_cat-sashimi","8":"first","9":"instock","10":"shipping-taxable","11":"purchasable","12":"product-type-simple"},"_links":{"self":[{"href":"https:\/\/www.sumeshi.ro\/bucuresti\/wp-json\/wp\/v2\/product\/180","targetHints":{"allow":["GET"]}}],"collection":[{"href":"https:\/\/www.sumeshi.ro\/bucuresti\/wp-json\/wp\/v2\/product"}],"about":[{"href":"https:\/\/www.sumeshi.ro\/bucuresti\/wp-json\/wp\/v2\/types\/product"}],"wp:featuredmedia":[{"embeddable":true,"href":"https:\/\/www.sumeshi.ro\/bucuresti\/wp-json\/wp\/v2\/media\/1381"}],"wp:attachment":[{"href":"https:\/\/www.sumeshi.ro\/bucuresti\/wp-json\/wp\/v2\/media?parent=180"}],"wp:term":[{"taxonomy":"product_brand","embeddable":true,"href":"https:\/\/www.sumeshi.ro\/bucuresti\/wp-json\/wp\/v2\/product_brand?post=180"},{"taxonomy":"product_cat","embeddable":true,"href":"https:\/\/www.sumeshi.ro\/bucuresti\/wp-json\/wp\/v2\/product_cat?post=180"},{"taxonomy":"product_tag","embeddable":true,"href":"https:\/\/www.sumeshi.ro\/bucuresti\/wp-json\/wp\/v2\/product_tag?post=180"}],"curies":[{"name":"wp","href":"https:\/\/api.w.org\/{rel}","templated":true}]}}