{"id":1952,"date":"2026-02-14T21:55:59","date_gmt":"2026-02-14T19:55:59","guid":{"rendered":"http:\/\/www.sumeshi.ro\/clujnew\/?post_type=product&#038;p=1952"},"modified":"2026-02-14T21:55:59","modified_gmt":"2026-02-14T19:55:59","slug":"veggie-mix","status":"publish","type":"product","link":"https:\/\/www.sumeshi.ro\/bucuresti\/product\/veggie-mix\/","title":{"rendered":"Veggie mix"},"content":{"rendered":"","protected":false},"excerpt":{"rendered":"<p>Pache\u0163ele cu legume (3 buc),\u00a0 pache\u0163ele crocante cu legume (4 buc), pache\u0163ele de prim\u0103var\u0103 (4 buc)<\/p>\n<p>140g\/11buc<\/p>\n<p>+ Sos sweet chili (30g)<\/p>\n<p>Produs congelat<\/p>\n","protected":false},"featured_media":2745,"template":"","meta":[],"product_brand":[],"product_cat":[47],"product_tag":[],"class_list":{"0":"post-1952","1":"product","2":"type-product","3":"status-publish","4":"has-post-thumbnail","6":"product_cat-gyoza-spring-rolls","8":"first","9":"instock","10":"shipping-taxable","11":"product-type-simple"},"_links":{"self":[{"href":"https:\/\/www.sumeshi.ro\/bucuresti\/wp-json\/wp\/v2\/product\/1952","targetHints":{"allow":["GET"]}}],"collection":[{"href":"https:\/\/www.sumeshi.ro\/bucuresti\/wp-json\/wp\/v2\/product"}],"about":[{"href":"https:\/\/www.sumeshi.ro\/bucuresti\/wp-json\/wp\/v2\/types\/product"}],"wp:featuredmedia":[{"embeddable":true,"href":"https:\/\/www.sumeshi.ro\/bucuresti\/wp-json\/wp\/v2\/media\/2745"}],"wp:attachment":[{"href":"https:\/\/www.sumeshi.ro\/bucuresti\/wp-json\/wp\/v2\/media?parent=1952"}],"wp:term":[{"taxonomy":"product_brand","embeddable":true,"href":"https:\/\/www.sumeshi.ro\/bucuresti\/wp-json\/wp\/v2\/product_brand?post=1952"},{"taxonomy":"product_cat","embeddable":true,"href":"https:\/\/www.sumeshi.ro\/bucuresti\/wp-json\/wp\/v2\/product_cat?post=1952"},{"taxonomy":"product_tag","embeddable":true,"href":"https:\/\/www.sumeshi.ro\/bucuresti\/wp-json\/wp\/v2\/product_tag?post=1952"}],"curies":[{"name":"wp","href":"https:\/\/api.w.org\/{rel}","templated":true}]}}