{"id":1966,"date":"2023-11-21T22:36:13","date_gmt":"2023-11-21T19:36:13","guid":{"rendered":"http:\/\/www.sumeshi.ro\/clujnew\/?post_type=product&#038;p=1966"},"modified":"2025-12-19T09:10:01","modified_gmt":"2025-12-19T07:10:01","slug":"fito-maki-roll","status":"publish","type":"product","link":"https:\/\/www.sumeshi.ro\/bucuresti\/product\/fito-maki-roll\/","title":{"rendered":"Fito Maki Roll"},"content":{"rendered":"","protected":false},"excerpt":{"rendered":"<p>Avocado, castrave\u021bi, dovlecei marina\u0163i kampio, ardei gras, semin\u0163e de susan, sos de susan, ceap\u0103 pr\u0103jit\u0103, orez, alge nori, microverdea\u021b\u0103.<\/p>\n<p>Include sos de soia, wasabi \u0219i ghimbir.<\/p>\n<p>230g<\/p>\n","protected":false},"featured_media":2097,"template":"","meta":[],"product_brand":[],"product_cat":[21],"product_tag":[],"class_list":{"0":"post-1966","1":"product","2":"type-product","3":"status-publish","4":"has-post-thumbnail","6":"product_cat-rolls","8":"first","9":"instock","10":"shipping-taxable","11":"product-type-simple"},"_links":{"self":[{"href":"https:\/\/www.sumeshi.ro\/bucuresti\/wp-json\/wp\/v2\/product\/1966","targetHints":{"allow":["GET"]}}],"collection":[{"href":"https:\/\/www.sumeshi.ro\/bucuresti\/wp-json\/wp\/v2\/product"}],"about":[{"href":"https:\/\/www.sumeshi.ro\/bucuresti\/wp-json\/wp\/v2\/types\/product"}],"wp:featuredmedia":[{"embeddable":true,"href":"https:\/\/www.sumeshi.ro\/bucuresti\/wp-json\/wp\/v2\/media\/2097"}],"wp:attachment":[{"href":"https:\/\/www.sumeshi.ro\/bucuresti\/wp-json\/wp\/v2\/media?parent=1966"}],"wp:term":[{"taxonomy":"product_brand","embeddable":true,"href":"https:\/\/www.sumeshi.ro\/bucuresti\/wp-json\/wp\/v2\/product_brand?post=1966"},{"taxonomy":"product_cat","embeddable":true,"href":"https:\/\/www.sumeshi.ro\/bucuresti\/wp-json\/wp\/v2\/product_cat?post=1966"},{"taxonomy":"product_tag","embeddable":true,"href":"https:\/\/www.sumeshi.ro\/bucuresti\/wp-json\/wp\/v2\/product_tag?post=1966"}],"curies":[{"name":"wp","href":"https:\/\/api.w.org\/{rel}","templated":true}]}}