{"id":1968,"date":"2023-11-21T22:37:44","date_gmt":"2023-11-21T19:37:44","guid":{"rendered":"http:\/\/www.sumeshi.ro\/clujnew\/?post_type=product&#038;p=1968"},"modified":"2025-12-19T09:08:54","modified_gmt":"2025-12-19T07:08:54","slug":"volcano-roll-maki","status":"publish","type":"product","link":"https:\/\/www.sumeshi.ro\/bucuresti\/product\/volcano-roll-maki\/","title":{"rendered":"Volcano Roll (maki)"},"content":{"rendered":"","protected":false},"excerpt":{"rendered":"<p>Orez, avocado, castrave\u021bi, icre tobiko, somon proasp\u0103t, anghil\u0103 congelat\u0103, creve\u021bi crocan\u021bi, sos unagi, foi de pl\u0103cint\u0103.<\/p>\n<p>210gr<\/p>\n","protected":false},"featured_media":2095,"template":"","meta":[],"product_brand":[],"product_cat":[21],"product_tag":[],"class_list":{"0":"post-1968","1":"product","2":"type-product","3":"status-publish","4":"has-post-thumbnail","6":"product_cat-rolls","8":"first","9":"instock","10":"shipping-taxable","11":"product-type-simple"},"_links":{"self":[{"href":"https:\/\/www.sumeshi.ro\/bucuresti\/wp-json\/wp\/v2\/product\/1968","targetHints":{"allow":["GET"]}}],"collection":[{"href":"https:\/\/www.sumeshi.ro\/bucuresti\/wp-json\/wp\/v2\/product"}],"about":[{"href":"https:\/\/www.sumeshi.ro\/bucuresti\/wp-json\/wp\/v2\/types\/product"}],"wp:featuredmedia":[{"embeddable":true,"href":"https:\/\/www.sumeshi.ro\/bucuresti\/wp-json\/wp\/v2\/media\/2095"}],"wp:attachment":[{"href":"https:\/\/www.sumeshi.ro\/bucuresti\/wp-json\/wp\/v2\/media?parent=1968"}],"wp:term":[{"taxonomy":"product_brand","embeddable":true,"href":"https:\/\/www.sumeshi.ro\/bucuresti\/wp-json\/wp\/v2\/product_brand?post=1968"},{"taxonomy":"product_cat","embeddable":true,"href":"https:\/\/www.sumeshi.ro\/bucuresti\/wp-json\/wp\/v2\/product_cat?post=1968"},{"taxonomy":"product_tag","embeddable":true,"href":"https:\/\/www.sumeshi.ro\/bucuresti\/wp-json\/wp\/v2\/product_tag?post=1968"}],"curies":[{"name":"wp","href":"https:\/\/api.w.org\/{rel}","templated":true}]}}