{"id":2122,"date":"2024-02-08T17:46:13","date_gmt":"2024-02-08T15:46:13","guid":{"rendered":"https:\/\/www.sumeshi.ro\/bucuresti\/?post_type=product&#038;p=2122"},"modified":"2025-05-24T10:54:07","modified_gmt":"2025-05-24T08:54:07","slug":"chicken-baked","status":"publish","type":"product","link":"https:\/\/www.sumeshi.ro\/bucuresti\/product\/chicken-baked\/","title":{"rendered":"Chicken Baked"},"content":{"rendered":"","protected":false},"excerpt":{"rendered":"<p>Orez, alge nori, susan, pui afumat, crem\u0103 de br\u00e2nz\u0103, sos baked, parmezan.<\/p>\n<p>Include sos de soia, wasabi \u0219i ghimbir.<\/p>\n<p>290 g<\/p>\n<p>&nbsp;<\/p>\n","protected":false},"featured_media":2137,"template":"","meta":[],"product_brand":[],"product_cat":[21],"product_tag":[],"class_list":{"0":"post-2122","1":"product","2":"type-product","3":"status-publish","4":"has-post-thumbnail","6":"product_cat-rolls","8":"first","9":"instock","10":"shipping-taxable","11":"product-type-simple"},"_links":{"self":[{"href":"https:\/\/www.sumeshi.ro\/bucuresti\/wp-json\/wp\/v2\/product\/2122","targetHints":{"allow":["GET"]}}],"collection":[{"href":"https:\/\/www.sumeshi.ro\/bucuresti\/wp-json\/wp\/v2\/product"}],"about":[{"href":"https:\/\/www.sumeshi.ro\/bucuresti\/wp-json\/wp\/v2\/types\/product"}],"wp:featuredmedia":[{"embeddable":true,"href":"https:\/\/www.sumeshi.ro\/bucuresti\/wp-json\/wp\/v2\/media\/2137"}],"wp:attachment":[{"href":"https:\/\/www.sumeshi.ro\/bucuresti\/wp-json\/wp\/v2\/media?parent=2122"}],"wp:term":[{"taxonomy":"product_brand","embeddable":true,"href":"https:\/\/www.sumeshi.ro\/bucuresti\/wp-json\/wp\/v2\/product_brand?post=2122"},{"taxonomy":"product_cat","embeddable":true,"href":"https:\/\/www.sumeshi.ro\/bucuresti\/wp-json\/wp\/v2\/product_cat?post=2122"},{"taxonomy":"product_tag","embeddable":true,"href":"https:\/\/www.sumeshi.ro\/bucuresti\/wp-json\/wp\/v2\/product_tag?post=2122"}],"curies":[{"name":"wp","href":"https:\/\/api.w.org\/{rel}","templated":true}]}}