{"id":2135,"date":"2024-02-08T18:10:22","date_gmt":"2024-02-08T16:10:22","guid":{"rendered":"https:\/\/www.sumeshi.ro\/bucuresti\/?post_type=product&#038;p=2135"},"modified":"2026-04-09T14:22:44","modified_gmt":"2026-04-09T11:22:44","slug":"tuna-tartar","status":"publish","type":"product","link":"https:\/\/www.sumeshi.ro\/bucuresti\/product\/tuna-tartar\/","title":{"rendered":"Tuna Tartar"},"content":{"rendered":"","protected":false},"excerpt":{"rendered":"<p>Ton, avocado, f\u0103in\u0103 tempura crocant\u0103, icre tobiko, ceap\u0103 verde, o\u021bet balsamic, mirin, suc de lime, sos de soia, sos sriracha.<\/p>\n<p>145gr<\/p>\n","protected":false},"featured_media":4194,"template":"","meta":[],"product_brand":[],"product_cat":[53],"product_tag":[],"class_list":{"0":"post-2135","1":"product","2":"type-product","3":"status-publish","4":"has-post-thumbnail","6":"product_cat-tartar","8":"first","9":"instock","10":"shipping-taxable","11":"product-type-simple"},"_links":{"self":[{"href":"https:\/\/www.sumeshi.ro\/bucuresti\/wp-json\/wp\/v2\/product\/2135","targetHints":{"allow":["GET"]}}],"collection":[{"href":"https:\/\/www.sumeshi.ro\/bucuresti\/wp-json\/wp\/v2\/product"}],"about":[{"href":"https:\/\/www.sumeshi.ro\/bucuresti\/wp-json\/wp\/v2\/types\/product"}],"wp:featuredmedia":[{"embeddable":true,"href":"https:\/\/www.sumeshi.ro\/bucuresti\/wp-json\/wp\/v2\/media\/4194"}],"wp:attachment":[{"href":"https:\/\/www.sumeshi.ro\/bucuresti\/wp-json\/wp\/v2\/media?parent=2135"}],"wp:term":[{"taxonomy":"product_brand","embeddable":true,"href":"https:\/\/www.sumeshi.ro\/bucuresti\/wp-json\/wp\/v2\/product_brand?post=2135"},{"taxonomy":"product_cat","embeddable":true,"href":"https:\/\/www.sumeshi.ro\/bucuresti\/wp-json\/wp\/v2\/product_cat?post=2135"},{"taxonomy":"product_tag","embeddable":true,"href":"https:\/\/www.sumeshi.ro\/bucuresti\/wp-json\/wp\/v2\/product_tag?post=2135"}],"curies":[{"name":"wp","href":"https:\/\/api.w.org\/{rel}","templated":true}]}}