{"id":287,"date":"2022-06-14T12:31:23","date_gmt":"2022-06-14T12:31:23","guid":{"rendered":"http:\/\/sumeshi.ro\/clujnew\/?post_type=product&#038;p=287"},"modified":"2025-12-19T07:37:36","modified_gmt":"2025-12-19T05:37:36","slug":"tropical-choco-roll","status":"publish","type":"product","link":"https:\/\/www.sumeshi.ro\/bucuresti\/product\/tropical-choco-roll\/","title":{"rendered":"Tropical Choco Roll"},"content":{"rendered":"","protected":false},"excerpt":{"rendered":"<p>Crem\u0103 de bra\u0302nz\u0103, Nutella, zah\u0103r pudr\u0103, banane, kiwi, c\u0103p\u0219uni, ananas, portocale aluat de orez, topping la alegere (ciocolat\u0103, fructe de p\u0103dure, caramel).<\/p>\n<p>230g<\/p>\n","protected":false},"featured_media":3071,"template":"","meta":[],"product_brand":[],"product_cat":[37],"product_tag":[],"class_list":{"0":"post-287","1":"product","2":"type-product","3":"status-publish","4":"has-post-thumbnail","6":"product_cat-deserturi","8":"first","9":"instock","10":"shipping-taxable","11":"product-type-simple"},"_links":{"self":[{"href":"https:\/\/www.sumeshi.ro\/bucuresti\/wp-json\/wp\/v2\/product\/287","targetHints":{"allow":["GET"]}}],"collection":[{"href":"https:\/\/www.sumeshi.ro\/bucuresti\/wp-json\/wp\/v2\/product"}],"about":[{"href":"https:\/\/www.sumeshi.ro\/bucuresti\/wp-json\/wp\/v2\/types\/product"}],"wp:featuredmedia":[{"embeddable":true,"href":"https:\/\/www.sumeshi.ro\/bucuresti\/wp-json\/wp\/v2\/media\/3071"}],"wp:attachment":[{"href":"https:\/\/www.sumeshi.ro\/bucuresti\/wp-json\/wp\/v2\/media?parent=287"}],"wp:term":[{"taxonomy":"product_brand","embeddable":true,"href":"https:\/\/www.sumeshi.ro\/bucuresti\/wp-json\/wp\/v2\/product_brand?post=287"},{"taxonomy":"product_cat","embeddable":true,"href":"https:\/\/www.sumeshi.ro\/bucuresti\/wp-json\/wp\/v2\/product_cat?post=287"},{"taxonomy":"product_tag","embeddable":true,"href":"https:\/\/www.sumeshi.ro\/bucuresti\/wp-json\/wp\/v2\/product_tag?post=287"}],"curies":[{"name":"wp","href":"https:\/\/api.w.org\/{rel}","templated":true}]}}