{"id":3825,"date":"2026-02-14T08:45:56","date_gmt":"2026-02-14T06:45:56","guid":{"rendered":"https:\/\/www.sumeshi.ro\/bucuresti\/?post_type=product&#038;p=3825"},"modified":"2026-02-14T08:45:56","modified_gmt":"2026-02-14T06:45:56","slug":"volcano-tuna","status":"publish","type":"product","link":"https:\/\/www.sumeshi.ro\/bucuresti\/product\/volcano-tuna\/","title":{"rendered":"Volcano Tuna"},"content":{"rendered":"","protected":false},"excerpt":{"rendered":"<p>Alge nori, orez, castrave\u021bi, avocado, crem\u0103 de br\u00e2nz\u0103, maionez\u0103, tobiko, ton, susan negru, ponzu, chives, mango.<\/p>\n<p>280 g<\/p>\n","protected":false},"featured_media":3851,"template":"","meta":[],"product_brand":[],"product_cat":[21],"product_tag":[],"class_list":{"0":"post-3825","1":"product","2":"type-product","3":"status-publish","4":"has-post-thumbnail","6":"product_cat-rolls","8":"first","9":"instock","10":"shipping-taxable","11":"product-type-simple"},"_links":{"self":[{"href":"https:\/\/www.sumeshi.ro\/bucuresti\/wp-json\/wp\/v2\/product\/3825","targetHints":{"allow":["GET"]}}],"collection":[{"href":"https:\/\/www.sumeshi.ro\/bucuresti\/wp-json\/wp\/v2\/product"}],"about":[{"href":"https:\/\/www.sumeshi.ro\/bucuresti\/wp-json\/wp\/v2\/types\/product"}],"wp:featuredmedia":[{"embeddable":true,"href":"https:\/\/www.sumeshi.ro\/bucuresti\/wp-json\/wp\/v2\/media\/3851"}],"wp:attachment":[{"href":"https:\/\/www.sumeshi.ro\/bucuresti\/wp-json\/wp\/v2\/media?parent=3825"}],"wp:term":[{"taxonomy":"product_brand","embeddable":true,"href":"https:\/\/www.sumeshi.ro\/bucuresti\/wp-json\/wp\/v2\/product_brand?post=3825"},{"taxonomy":"product_cat","embeddable":true,"href":"https:\/\/www.sumeshi.ro\/bucuresti\/wp-json\/wp\/v2\/product_cat?post=3825"},{"taxonomy":"product_tag","embeddable":true,"href":"https:\/\/www.sumeshi.ro\/bucuresti\/wp-json\/wp\/v2\/product_tag?post=3825"}],"curies":[{"name":"wp","href":"https:\/\/api.w.org\/{rel}","templated":true}]}}