{"id":470,"date":"2022-06-30T12:15:08","date_gmt":"2022-06-30T12:15:08","guid":{"rendered":"http:\/\/sumeshi.ro\/clujnew\/?post_type=product&#038;p=470"},"modified":"2024-03-14T16:48:22","modified_gmt":"2024-03-14T14:48:22","slug":"bere-carol-pale-lager","status":"publish","type":"product","link":"https:\/\/www.sumeshi.ro\/bucuresti\/product\/bere-carol-pale-lager\/","title":{"rendered":"Bere Carol Pale Lager"},"content":{"rendered":"","protected":false},"excerpt":{"rendered":"<p><span data-sheets-value=\"{&quot;1&quot;:2,&quot;2&quot;:&quot;O bere deosebita, cu un corp sublim si un grad de amareala nobila. Te cucereste cu amalgamul de arome fresh, usor florale, provenite de la patru tipuri de hamei impregnate prin dry hopping. ALC 4,8%&quot;}\" data-sheets-userformat=\"{&quot;2&quot;:769,&quot;3&quot;:{&quot;1&quot;:0},&quot;11&quot;:4,&quot;12&quot;:0}\" data-sheets-textstyleruns=\"{&quot;1&quot;:0}\uee10{&quot;1&quot;:190,&quot;2&quot;:{&quot;5&quot;:1,&quot;6&quot;:1}}\">O bere deosebit\u0103, cu un corp sublim \u0219i un grad de am\u0103real\u0103 nobil\u0103. Te cucere\u0219te cu amalgamul de arome fresh, u\u0219or florale, provenite de la patru tipuri de hamei impregnate prin dry hopping.<br \/>\n<\/span><\/p>\n","protected":false},"featured_media":632,"template":"","meta":[],"product_brand":[],"product_cat":[40],"product_tag":[],"class_list":{"0":"post-470","1":"product","2":"type-product","3":"status-publish","4":"has-post-thumbnail","6":"product_cat-bauturi","8":"first","9":"instock","10":"shipping-taxable","11":"purchasable","12":"product-type-simple"},"_links":{"self":[{"href":"https:\/\/www.sumeshi.ro\/bucuresti\/wp-json\/wp\/v2\/product\/470","targetHints":{"allow":["GET"]}}],"collection":[{"href":"https:\/\/www.sumeshi.ro\/bucuresti\/wp-json\/wp\/v2\/product"}],"about":[{"href":"https:\/\/www.sumeshi.ro\/bucuresti\/wp-json\/wp\/v2\/types\/product"}],"wp:featuredmedia":[{"embeddable":true,"href":"https:\/\/www.sumeshi.ro\/bucuresti\/wp-json\/wp\/v2\/media\/632"}],"wp:attachment":[{"href":"https:\/\/www.sumeshi.ro\/bucuresti\/wp-json\/wp\/v2\/media?parent=470"}],"wp:term":[{"taxonomy":"product_brand","embeddable":true,"href":"https:\/\/www.sumeshi.ro\/bucuresti\/wp-json\/wp\/v2\/product_brand?post=470"},{"taxonomy":"product_cat","embeddable":true,"href":"https:\/\/www.sumeshi.ro\/bucuresti\/wp-json\/wp\/v2\/product_cat?post=470"},{"taxonomy":"product_tag","embeddable":true,"href":"https:\/\/www.sumeshi.ro\/bucuresti\/wp-json\/wp\/v2\/product_tag?post=470"}],"curies":[{"name":"wp","href":"https:\/\/api.w.org\/{rel}","templated":true}]}}