{"id":472,"date":"2022-06-30T12:19:10","date_gmt":"2022-06-30T12:19:10","guid":{"rendered":"http:\/\/sumeshi.ro\/clujnew\/?post_type=product&#038;p=472"},"modified":"2024-03-14T16:45:43","modified_gmt":"2024-03-14T14:45:43","slug":"bere-carol-session-ipa","status":"publish","type":"product","link":"https:\/\/www.sumeshi.ro\/bucuresti\/product\/bere-carol-session-ipa\/","title":{"rendered":"Bere Carol Session IPA"},"content":{"rendered":"","protected":false},"excerpt":{"rendered":"<p><span data-sheets-value=\"{&quot;1&quot;:2,&quot;2&quot;:&quot;Session IPA este o bere cu amareala moderata, hamei din belsug, care pronunta arome ce te duc cu gandul la plantatiile de soc in luna mai, avand spuma densa si un nivel de alcool redus. ALC 5,0%&quot;}\" data-sheets-userformat=\"{&quot;2&quot;:769,&quot;3&quot;:{&quot;1&quot;:0},&quot;11&quot;:4,&quot;12&quot;:0}\" data-sheets-textstyleruns=\"{&quot;1&quot;:0}\uee10{&quot;1&quot;:186,&quot;2&quot;:{&quot;5&quot;:1,&quot;6&quot;:1}}\">Session IPA este o bere cu am\u0103real\u0103 moderat\u0103, hamei din bel\u0219ug, care pronun\u021b\u0103 arome ce te duc cu g\u00e2ndul la planta\u021biile de soc \u00een luna mai, av\u00e2nd spuma dens\u0103 \u0219i un nivel de alcool redus.<br \/>\n<\/span><\/p>\n","protected":false},"featured_media":630,"template":"","meta":[],"product_brand":[],"product_cat":[40],"product_tag":[],"class_list":{"0":"post-472","1":"product","2":"type-product","3":"status-publish","4":"has-post-thumbnail","6":"product_cat-bauturi","8":"first","9":"instock","10":"shipping-taxable","11":"product-type-simple"},"_links":{"self":[{"href":"https:\/\/www.sumeshi.ro\/bucuresti\/wp-json\/wp\/v2\/product\/472","targetHints":{"allow":["GET"]}}],"collection":[{"href":"https:\/\/www.sumeshi.ro\/bucuresti\/wp-json\/wp\/v2\/product"}],"about":[{"href":"https:\/\/www.sumeshi.ro\/bucuresti\/wp-json\/wp\/v2\/types\/product"}],"wp:featuredmedia":[{"embeddable":true,"href":"https:\/\/www.sumeshi.ro\/bucuresti\/wp-json\/wp\/v2\/media\/630"}],"wp:attachment":[{"href":"https:\/\/www.sumeshi.ro\/bucuresti\/wp-json\/wp\/v2\/media?parent=472"}],"wp:term":[{"taxonomy":"product_brand","embeddable":true,"href":"https:\/\/www.sumeshi.ro\/bucuresti\/wp-json\/wp\/v2\/product_brand?post=472"},{"taxonomy":"product_cat","embeddable":true,"href":"https:\/\/www.sumeshi.ro\/bucuresti\/wp-json\/wp\/v2\/product_cat?post=472"},{"taxonomy":"product_tag","embeddable":true,"href":"https:\/\/www.sumeshi.ro\/bucuresti\/wp-json\/wp\/v2\/product_tag?post=472"}],"curies":[{"name":"wp","href":"https:\/\/api.w.org\/{rel}","templated":true}]}}