{"id":2656,"date":"2025-04-23T19:02:29","date_gmt":"2025-04-23T16:02:29","guid":{"rendered":"https:\/\/www.sumeshi.ro\/chiajna\/?post_type=product&#038;p=2656"},"modified":"2025-12-19T09:04:22","modified_gmt":"2025-12-19T07:04:22","slug":"philadelphia-hiyashi","status":"publish","type":"product","link":"https:\/\/www.sumeshi.ro\/chiajna\/product\/philadelphia-hiyashi\/","title":{"rendered":"Philadelphia Hiyashi"},"content":{"rendered":"","protected":false},"excerpt":{"rendered":"<p>Orez, Tobiko Red, Creve\u021bi pane, Crem\u0103 de br\u00e2nz\u0103, castrave\u021bi, susan, sos de susan.<\/p>\n<p>Include sos de soia, wasabi \u0219i ghimbir.<\/p>\n<p>310g<\/p>\n","protected":false},"featured_media":2828,"template":"","meta":[],"product_brand":[],"product_cat":[21],"product_tag":[],"class_list":{"0":"post-2656","1":"product","2":"type-product","3":"status-publish","4":"has-post-thumbnail","6":"product_cat-rolls","8":"first","9":"instock","10":"shipping-taxable","11":"purchasable","12":"product-type-simple"},"_links":{"self":[{"href":"https:\/\/www.sumeshi.ro\/chiajna\/wp-json\/wp\/v2\/product\/2656","targetHints":{"allow":["GET"]}}],"collection":[{"href":"https:\/\/www.sumeshi.ro\/chiajna\/wp-json\/wp\/v2\/product"}],"about":[{"href":"https:\/\/www.sumeshi.ro\/chiajna\/wp-json\/wp\/v2\/types\/product"}],"wp:featuredmedia":[{"embeddable":true,"href":"https:\/\/www.sumeshi.ro\/chiajna\/wp-json\/wp\/v2\/media\/2828"}],"wp:attachment":[{"href":"https:\/\/www.sumeshi.ro\/chiajna\/wp-json\/wp\/v2\/media?parent=2656"}],"wp:term":[{"taxonomy":"product_brand","embeddable":true,"href":"https:\/\/www.sumeshi.ro\/chiajna\/wp-json\/wp\/v2\/product_brand?post=2656"},{"taxonomy":"product_cat","embeddable":true,"href":"https:\/\/www.sumeshi.ro\/chiajna\/wp-json\/wp\/v2\/product_cat?post=2656"},{"taxonomy":"product_tag","embeddable":true,"href":"https:\/\/www.sumeshi.ro\/chiajna\/wp-json\/wp\/v2\/product_tag?post=2656"}],"curies":[{"name":"wp","href":"https:\/\/api.w.org\/{rel}","templated":true}]}}