{"id":3247,"date":"2025-12-19T11:11:22","date_gmt":"2025-12-19T09:11:22","guid":{"rendered":"https:\/\/www.sumeshi.ro\/chiajna\/?post_type=product&#038;p=3247"},"modified":"2025-12-19T11:11:22","modified_gmt":"2025-12-19T09:11:22","slug":"volcano-shrimps","status":"publish","type":"product","link":"https:\/\/www.sumeshi.ro\/chiajna\/product\/volcano-shrimps\/","title":{"rendered":"Volcano Shrimps"},"content":{"rendered":"","protected":false},"excerpt":{"rendered":"<p>Alge nori, orez, castrave\u021bi, avocado, crem\u0103 de br\u00e2nz\u0103, maionez\u0103 japonez\u0103, tobiko, creve\u021bi fier\u021bi, susan, chives.<\/p>\n<p>275 g<\/p>\n","protected":false},"featured_media":3274,"template":"","meta":[],"product_brand":[],"product_cat":[21],"product_tag":[],"class_list":{"0":"post-3247","1":"product","2":"type-product","3":"status-publish","4":"has-post-thumbnail","6":"product_cat-rolls","8":"first","9":"instock","10":"shipping-taxable","11":"product-type-simple"},"_links":{"self":[{"href":"https:\/\/www.sumeshi.ro\/chiajna\/wp-json\/wp\/v2\/product\/3247","targetHints":{"allow":["GET"]}}],"collection":[{"href":"https:\/\/www.sumeshi.ro\/chiajna\/wp-json\/wp\/v2\/product"}],"about":[{"href":"https:\/\/www.sumeshi.ro\/chiajna\/wp-json\/wp\/v2\/types\/product"}],"wp:featuredmedia":[{"embeddable":true,"href":"https:\/\/www.sumeshi.ro\/chiajna\/wp-json\/wp\/v2\/media\/3274"}],"wp:attachment":[{"href":"https:\/\/www.sumeshi.ro\/chiajna\/wp-json\/wp\/v2\/media?parent=3247"}],"wp:term":[{"taxonomy":"product_brand","embeddable":true,"href":"https:\/\/www.sumeshi.ro\/chiajna\/wp-json\/wp\/v2\/product_brand?post=3247"},{"taxonomy":"product_cat","embeddable":true,"href":"https:\/\/www.sumeshi.ro\/chiajna\/wp-json\/wp\/v2\/product_cat?post=3247"},{"taxonomy":"product_tag","embeddable":true,"href":"https:\/\/www.sumeshi.ro\/chiajna\/wp-json\/wp\/v2\/product_tag?post=3247"}],"curies":[{"name":"wp","href":"https:\/\/api.w.org\/{rel}","templated":true}]}}