{"id":26,"date":"2022-02-23T16:00:18","date_gmt":"2022-02-23T16:00:18","guid":{"rendered":"https:\/\/www.sumeshi.ro\/cluj\/?page_id=26"},"modified":"2024-05-11T17:36:16","modified_gmt":"2024-05-11T14:36:16","slug":"alergeni","status":"publish","type":"page","link":"https:\/\/www.sumeshi.ro\/cluj\/en\/alergeni\/","title":{"rendered":"Alergens"},"content":{"rendered":"<p>According to directive 2000\/13\/EC of the European Parliament and the Council of March 20, 2000, food allergens can fall into the following groups: <\/p>\n\n\n\n<ul class=\"wp-block-list\">\n<li>Fish (and derived products)<\/li>\n\n\n\n<li>Peanuts (and derived products)<\/li>\n\n\n\n<li>Soya (and derived products)<\/li>\n\n\n\n<li>Milk (and derived products, including lactose)<\/li>\n\n\n\n<li>Mustard (and derived products)<\/li>\n\n\n\n<li>Susan (and derivatives)<\/li>\n\n\n\n<li>Molluscs (and derived products)<\/li>\n\n\n\n<li>Eggs (and derived products)<\/li>\n\n\n\n<li>Crustaceans (and derived products)<\/li>\n\n\n\n<li>Cereals containing gluten (and derived products)<\/li>\n\n\n\n<li>Sulfur dioxide and sulfites<\/li>\n\n\n\n<li>Nuts and almonds (and derived products)<\/li>\n\n\n\n<li>Hazelnuts, pistachios and other nuts (and derived products)<\/li>\n<\/ul>\n\n\n\n<p>If you are allergic or intolerant to any ingredient, please read the list carefully before placing your order!<\/p>\n\n\n\n<p>Allergens can be present in products as such or as a result of contamination in the production flow. For more information about our products, please contact our staff.<\/p>","protected":false},"excerpt":{"rendered":"<p>Conform directivei 2000\/13\/CE a Parlamentulul European \u015fi a Consiliului din 20 martie 2000, alergenii din alimente se pot \u00eencadra in urm\u0103toarele grupe:\u00b7 \u00cen cazul \u00een care sunte\u021bi alergic sau ave\u021bi intoleran\u021b\u0103 la vreun ingredient, v\u0103 rug\u0103m s\u0103 consulta\u021bi cu aten\u021bie lista \u00eenainte de a plasa comanda! Alergenii pot fi prezen\u021bi \u00een produse ca atare sau [&hellip;]<\/p>\n","protected":false},"author":1,"featured_media":0,"parent":0,"menu_order":0,"comment_status":"closed","ping_status":"closed","template":"","meta":{"footnotes":""},"class_list":["post-26","page","type-page","status-publish","hentry"],"_links":{"self":[{"href":"https:\/\/www.sumeshi.ro\/cluj\/en\/wp-json\/wp\/v2\/pages\/26","targetHints":{"allow":["GET"]}}],"collection":[{"href":"https:\/\/www.sumeshi.ro\/cluj\/en\/wp-json\/wp\/v2\/pages"}],"about":[{"href":"https:\/\/www.sumeshi.ro\/cluj\/en\/wp-json\/wp\/v2\/types\/page"}],"author":[{"embeddable":true,"href":"https:\/\/www.sumeshi.ro\/cluj\/en\/wp-json\/wp\/v2\/users\/1"}],"replies":[{"embeddable":true,"href":"https:\/\/www.sumeshi.ro\/cluj\/en\/wp-json\/wp\/v2\/comments?post=26"}],"version-history":[{"count":2,"href":"https:\/\/www.sumeshi.ro\/cluj\/en\/wp-json\/wp\/v2\/pages\/26\/revisions"}],"predecessor-version":[{"id":2952,"href":"https:\/\/www.sumeshi.ro\/cluj\/en\/wp-json\/wp\/v2\/pages\/26\/revisions\/2952"}],"wp:attachment":[{"href":"https:\/\/www.sumeshi.ro\/cluj\/en\/wp-json\/wp\/v2\/media?parent=26"}],"curies":[{"name":"wp","href":"https:\/\/api.w.org\/{rel}","templated":true}]}}