{"id":6801,"date":"2025-12-19T11:11:09","date_gmt":"2025-12-19T09:11:09","guid":{"rendered":"https:\/\/www.sumeshi.ro\/cluj\/?post_type=product&#038;p=6801"},"modified":"2025-12-19T11:11:09","modified_gmt":"2025-12-19T09:11:09","slug":"volcano-salmon","status":"publish","type":"product","link":"https:\/\/www.sumeshi.ro\/cluj\/en\/product\/volcano-salmon\/","title":{"rendered":"Volcano Salmon"},"content":{"rendered":"","protected":false},"excerpt":{"rendered":"<p>Alge nori, orez, castrave\u021bi, avocado, crem\u0103 de br\u00e2nz\u0103, maionez\u0103, tobiko, somon, susan mix, chives, ananas conservat, sos unagi, sos ponzu.<\/p>\n<p>285 g<\/p>","protected":false},"featured_media":6802,"template":"","meta":[],"product_brand":[],"product_cat":[21],"product_tag":[],"class_list":{"0":"post-6801","1":"product","2":"type-product","3":"status-publish","4":"has-post-thumbnail","6":"product_cat-rolls","8":"first","9":"instock","10":"shipping-taxable","11":"product-type-simple"},"_links":{"self":[{"href":"https:\/\/www.sumeshi.ro\/cluj\/en\/wp-json\/wp\/v2\/product\/6801","targetHints":{"allow":["GET"]}}],"collection":[{"href":"https:\/\/www.sumeshi.ro\/cluj\/en\/wp-json\/wp\/v2\/product"}],"about":[{"href":"https:\/\/www.sumeshi.ro\/cluj\/en\/wp-json\/wp\/v2\/types\/product"}],"wp:featuredmedia":[{"embeddable":true,"href":"https:\/\/www.sumeshi.ro\/cluj\/en\/wp-json\/wp\/v2\/media\/6802"}],"wp:attachment":[{"href":"https:\/\/www.sumeshi.ro\/cluj\/en\/wp-json\/wp\/v2\/media?parent=6801"}],"wp:term":[{"taxonomy":"product_brand","embeddable":true,"href":"https:\/\/www.sumeshi.ro\/cluj\/en\/wp-json\/wp\/v2\/product_brand?post=6801"},{"taxonomy":"product_cat","embeddable":true,"href":"https:\/\/www.sumeshi.ro\/cluj\/en\/wp-json\/wp\/v2\/product_cat?post=6801"},{"taxonomy":"product_tag","embeddable":true,"href":"https:\/\/www.sumeshi.ro\/cluj\/en\/wp-json\/wp\/v2\/product_tag?post=6801"}],"curies":[{"name":"wp","href":"https:\/\/api.w.org\/{rel}","templated":true}]}}