{"id":107,"date":"2022-06-14T10:53:54","date_gmt":"2022-06-14T10:53:54","guid":{"rendered":"https:\/\/www.sumeshi.ro\/cluj\/?post_type=product&#038;p=107"},"modified":"2025-12-19T09:28:15","modified_gmt":"2025-12-19T07:28:15","slug":"osaka-roll","status":"publish","type":"product","link":"https:\/\/www.sumeshi.ro\/cluj\/product\/osaka-roll\/","title":{"rendered":"Osaka Roll"},"content":{"rendered":"","protected":false},"excerpt":{"rendered":"<p>Somon proasp\u0103t, anghil\u0103 congelat\u0103, icre tobiko, crem\u0103 de br\u00e2nz\u0103, orez, alge nori.<\/p>\n<p>Sos de soia, ghimbir \u0219i past\u0103 wasabi inclus.<\/p>\n<p>210g<\/p>\n","protected":false},"featured_media":1823,"template":"","meta":[],"product_brand":[],"product_cat":[21],"product_tag":[],"class_list":{"0":"post-107","1":"product","2":"type-product","3":"status-publish","4":"has-post-thumbnail","6":"product_cat-rolls","8":"first","9":"instock","10":"shipping-taxable","11":"purchasable","12":"product-type-simple"},"_links":{"self":[{"href":"https:\/\/www.sumeshi.ro\/cluj\/wp-json\/wp\/v2\/product\/107","targetHints":{"allow":["GET"]}}],"collection":[{"href":"https:\/\/www.sumeshi.ro\/cluj\/wp-json\/wp\/v2\/product"}],"about":[{"href":"https:\/\/www.sumeshi.ro\/cluj\/wp-json\/wp\/v2\/types\/product"}],"wp:featuredmedia":[{"embeddable":true,"href":"https:\/\/www.sumeshi.ro\/cluj\/wp-json\/wp\/v2\/media\/1823"}],"wp:attachment":[{"href":"https:\/\/www.sumeshi.ro\/cluj\/wp-json\/wp\/v2\/media?parent=107"}],"wp:term":[{"taxonomy":"product_brand","embeddable":true,"href":"https:\/\/www.sumeshi.ro\/cluj\/wp-json\/wp\/v2\/product_brand?post=107"},{"taxonomy":"product_cat","embeddable":true,"href":"https:\/\/www.sumeshi.ro\/cluj\/wp-json\/wp\/v2\/product_cat?post=107"},{"taxonomy":"product_tag","embeddable":true,"href":"https:\/\/www.sumeshi.ro\/cluj\/wp-json\/wp\/v2\/product_tag?post=107"}],"curies":[{"name":"wp","href":"https:\/\/api.w.org\/{rel}","templated":true}]}}