{"id":94,"date":"2022-06-14T10:50:35","date_gmt":"2022-06-14T10:50:35","guid":{"rendered":"https:\/\/www.sumeshi.ro\/cluj\/?post_type=product&#038;p=94"},"modified":"2026-01-22T13:46:06","modified_gmt":"2026-01-22T11:46:06","slug":"mango-roll","status":"publish","type":"product","link":"https:\/\/www.sumeshi.ro\/cluj\/product\/mango-roll\/","title":{"rendered":"Mango Roll"},"content":{"rendered":"","protected":false},"excerpt":{"rendered":"<p>Anghil\u0103, mango, crem\u0103 de br\u00e2nz\u0103, castrave\u021bi, orez, alge nori, sos unagi, chives.<\/p>\n<p>Sos de soia, ghimbir \u0219i past\u0103 wasabi inclus.<\/p>\n<p>280 g<\/p>\n","protected":false},"featured_media":7227,"template":"","meta":[],"product_brand":[],"product_cat":[21],"product_tag":[],"class_list":{"0":"post-94","1":"product","2":"type-product","3":"status-publish","4":"has-post-thumbnail","6":"product_cat-rolls","8":"first","9":"instock","10":"shipping-taxable","11":"product-type-simple"},"_links":{"self":[{"href":"https:\/\/www.sumeshi.ro\/cluj\/wp-json\/wp\/v2\/product\/94","targetHints":{"allow":["GET"]}}],"collection":[{"href":"https:\/\/www.sumeshi.ro\/cluj\/wp-json\/wp\/v2\/product"}],"about":[{"href":"https:\/\/www.sumeshi.ro\/cluj\/wp-json\/wp\/v2\/types\/product"}],"wp:featuredmedia":[{"embeddable":true,"href":"https:\/\/www.sumeshi.ro\/cluj\/wp-json\/wp\/v2\/media\/7227"}],"wp:attachment":[{"href":"https:\/\/www.sumeshi.ro\/cluj\/wp-json\/wp\/v2\/media?parent=94"}],"wp:term":[{"taxonomy":"product_brand","embeddable":true,"href":"https:\/\/www.sumeshi.ro\/cluj\/wp-json\/wp\/v2\/product_brand?post=94"},{"taxonomy":"product_cat","embeddable":true,"href":"https:\/\/www.sumeshi.ro\/cluj\/wp-json\/wp\/v2\/product_cat?post=94"},{"taxonomy":"product_tag","embeddable":true,"href":"https:\/\/www.sumeshi.ro\/cluj\/wp-json\/wp\/v2\/product_tag?post=94"}],"curies":[{"name":"wp","href":"https:\/\/api.w.org\/{rel}","templated":true}]}}