{"id":2634,"date":"2025-12-19T11:11:30","date_gmt":"2025-12-19T09:11:30","guid":{"rendered":"https:\/\/www.sumeshi.ro\/prosper\/?post_type=product&#038;p=2634"},"modified":"2025-12-19T11:11:30","modified_gmt":"2025-12-19T09:11:30","slug":"bora-bora-roll","status":"publish","type":"product","link":"https:\/\/www.sumeshi.ro\/prosper\/en\/product\/bora-bora-roll\/","title":{"rendered":"Bora Bora Roll"},"content":{"rendered":"","protected":false},"excerpt":{"rendered":"<p>Orez, nori, creve\u021bi tempura, castrave\u021bi, avocado, somon, carpaccio trufe, sos spicy, unagi, ceap\u0103 pr\u0103jit\u0103, ghimbir, wasabi, sos de soia.<\/p>\n<p>300 g<\/p>","protected":false},"featured_media":2660,"template":"","meta":[],"product_brand":[],"product_cat":[21],"product_tag":[],"class_list":{"0":"post-2634","1":"product","2":"type-product","3":"status-publish","4":"has-post-thumbnail","6":"product_cat-rolls","8":"first","9":"instock","10":"shipping-taxable","11":"product-type-simple"},"_links":{"self":[{"href":"https:\/\/www.sumeshi.ro\/prosper\/en\/wp-json\/wp\/v2\/product\/2634","targetHints":{"allow":["GET"]}}],"collection":[{"href":"https:\/\/www.sumeshi.ro\/prosper\/en\/wp-json\/wp\/v2\/product"}],"about":[{"href":"https:\/\/www.sumeshi.ro\/prosper\/en\/wp-json\/wp\/v2\/types\/product"}],"wp:featuredmedia":[{"embeddable":true,"href":"https:\/\/www.sumeshi.ro\/prosper\/en\/wp-json\/wp\/v2\/media\/2660"}],"wp:attachment":[{"href":"https:\/\/www.sumeshi.ro\/prosper\/en\/wp-json\/wp\/v2\/media?parent=2634"}],"wp:term":[{"taxonomy":"product_brand","embeddable":true,"href":"https:\/\/www.sumeshi.ro\/prosper\/en\/wp-json\/wp\/v2\/product_brand?post=2634"},{"taxonomy":"product_cat","embeddable":true,"href":"https:\/\/www.sumeshi.ro\/prosper\/en\/wp-json\/wp\/v2\/product_cat?post=2634"},{"taxonomy":"product_tag","embeddable":true,"href":"https:\/\/www.sumeshi.ro\/prosper\/en\/wp-json\/wp\/v2\/product_tag?post=2634"}],"curies":[{"name":"wp","href":"https:\/\/api.w.org\/{rel}","templated":true}]}}