{"id":38,"date":"2022-02-23T16:04:54","date_gmt":"2022-02-23T16:04:54","guid":{"rendered":"https:\/\/www.sumeshi.ro\/prosper\/?page_id=38"},"modified":"2025-04-09T11:24:41","modified_gmt":"2025-04-09T08:24:41","slug":"termeni-si-conditii","status":"publish","type":"page","link":"https:\/\/www.sumeshi.ro\/prosper\/termeni-si-conditii\/","title":{"rendered":"Termeni \u0219i condi\u021bii"},"content":{"rendered":"\n<h2 class=\"wp-block-heading\">Comenzi \u0219i Livrare<\/h2>\n\n\n\n<ul class=\"wp-block-list\">\n<li>Fiecare comand\u0103 este preluat\u0103 de c\u0103tre un operator, confirmat\u0103 telefonic clientului \u0219i livrat\u0103 \u00een cel mai scurt timp posibil c\u0103tre client. <\/li>\n\n\n\n<li>La www.sumeshi.ro, livr\u0103m \u00een general \u00een termen de 60-90 de minute de la preluarea \u0219i confirmarea comenzii, \u00eens\u0103 acest interval poate varia \u00een func\u021bie de distan\u021ba \u0219i condi\u021biile de trafic. <\/li>\n\n\n\n<li>Comanda minim\u0103 este de 40 RON. <\/li>\n\n\n\n<li>Taxa de livrare este de 10 RON \/ restaurant, pentru comenzile sub 100 RON.<\/li>\n\n\n\n<li>Taxa de livrare este de 0 RON, pentru comenzile &gt; 100 RON \/ restaurant.<\/li>\n\n\n\n<li>Odata confirmata comanda de catre Restaurant, Restaurantul va lua toate masurile necesare pentru prepararea si livrarea corespunzatoare a Produselor convenite afisate pe site.<\/li>\n\n\n\n<li>Restaurantul raspunde pentru onorarea comenzilor primite de la Clienti si pentru conformitatea Produselor furnizate Clientilor. Restaurantul raspunde pentru rezolvarea oricaror reclamatii sau probleme sesizate de Clienti in legatura cu calitatea Produselor sau cu orice alte aspecte legate de prepararea si vanzarea produselor, dupa preluarea si confirmarea comenzii transmise prin intermediul websitului.<\/li>\n\n\n\n<li>Restaurantul raspunde pentru acuratetea si actualitatea informatiilor furnizate de Restaurant Sumeshi pentru includerea lor pe site.<\/li>\n<\/ul>\n\n\n\n<h2 class=\"wp-block-heading\">Confiden\u021bialitatea datelor<\/h2>\n\n\n\n<p>Restaurant Sumeshi va colecta, prin intermediul site-ului www.sumeshi.ro, datele relevante privind Clientul si comanda acestuia, respectiv numarul de telefon sau alte date de identificare a Clientului si tipul de Produs comandat.<\/p>\n\n\n\n<p>Toate datele personale transmise c\u0103tre ww.sumeshi.ro sunt strict confiden\u021biale \u0219i ne oblig\u0103m s\u0103 nu trimitem mai departe aceste date niciunei ter\u021be p\u0103r\u021bi.<\/p>\n\n\n\n<p>Restaurant Sumeshi \u00ee\u0219i rezerv\u0103 dreptul de a contacta clien\u021bii pentru detalii referitoare la comenzile plasate. Dac\u0103 nu dori\u021bi s\u0103 v\u0103 contact\u0103m la adresa de email men\u021bionat\u0103 \u00een datele de contact, v\u0103 rug\u0103m s\u0103 specifica\u021bi aceasta.<\/p>\n\n\n\n<p>Suntem extrem de preocupa\u021bi de a v\u0103 garanta confiden\u021bialitatea \u0219i deplina protec\u021bie a datelor dumneavoastr\u0103 cu caracter personal, \u00een conformitate cu normele, principiile \u0219i reglement\u0103rile \u00een vigoare \u00een Uniunea European\u0103 \u00een acest domeniu, inclusiv cu REGULAMENTUL nr. 679 din 27 aprilie 2016 privind protec\u0163ia persoanelor fizice \u00een ceea ce prive\u015fte prelucrarea datelor cu caracter personal \u015fi privind libera circula\u0163ie a acestor date.<\/p>\n\n\n\n<p>Aceast\u0103 Politic\u0103 are scopul de a explica \u00eentr-un mod simplu \u0219i transparent ce tip de date personale colect\u0103m \u00een leg\u0103tur\u0103 cu dvs. \u0219i cum le prelucr\u0103m, se refer\u0103 la datele personale ale clien\u021bilor no\u0219tri, partenerilor de afaceri, alte persoane care intr\u0103 \u00een contact cu noi sau viziteaz\u0103 loca\u021biile noastre, angaja\u021bi sau persoane aflate \u00een proces de angajare, colaboratori \u0219i se aplic\u0103 datelor cu caracter personal colectate prin: e-mail, direct la recep\u021bie, formulare diverse, CV-uri, \u00eenregistr\u0103ri video, web-site, social media.<\/p>\n\n\n\n<p>\u00cen scopul desf\u0103\u015fur\u0103rii activit\u0103\u0163ii, se pot colecta, prelucra \u0219i stoca anumite date cu caracter personal necesare din punct de vedere legal, pentru \u00eencheierea unui contract sau din interes legitim, av\u00e2nd obliga\u021bia legal\u0103 de a p\u0103stra datele pe care le colect\u0103m despre dvs., inclusiv o anumit\u0103 perioad\u0103 de timp dup\u0103 \u00eencetarea rela\u021biei, \u00een conformitate cu regulamentele privind obliga\u021bia de \u201ecunoa\u0219tere a clien\u021bilor\u201d.<\/p>\n\n\n\n<p>Datele cu caracter personal se refer\u0103 la orice informa\u021bie care ne comunic\u0103 ceva despre dvs. sau pe care o putem corela cu dvs. Acestea includ numele, adresa, data na\u0219terii, num\u0103rul de cont, adresa IP, la unul sau mai multe elemente specifice, proprii identit\u0103\u021bii sale fizice, fiziologice, genetice, psihice, economice, culturale sau sociale.<\/p>\n\n\n\n<p>Informa\u021biile cu caracter personal le furniza\u021bi atunci c\u00e2nd deveni\u021bi client, v\u0103 \u00eenregistra\u021bi la serviciile noastre online, completa\u021bi un formular, semna\u021bi un contract, folosi\u021bi produsele \u0219i serviciile noastre sau ne contacta\u021bi \u00een orice modalitate prev\u0103zut\u0103 de lege.<\/p>\n\n\n\n<p>Prelucrarea se refer\u0103 la toate opera\u021biunile pe care le putem face \u00een privin\u021ba datelor, cum ar fi colectarea, \u00eenregistrarea, stocarea, ajustarea, organizarea, utilizarea, divulgarea, transferul \u0219i \u0219tergerea acestora.<\/p>\n\n\n\n<p>Politica de confiden\u021bialitate descrie:<\/p>\n\n\n\n<ul class=\"wp-block-list\">\n<li>Scopul pentru care colect\u0103m \u0219i modul \u00een care folosim datele dumneavoastr\u0103 cu caracter personal;<\/li>\n\n\n\n<li>Modului \u00een care colect\u0103m date cu caracter personal;<\/li>\n\n\n\n<li>Temeiul proces\u0103rii pentru scopul de mai sus;<\/li>\n\n\n\n<li>Categoriile de date cu caracter personal pe care le colect\u0103m \u0219i proces\u0103m;<\/li>\n\n\n\n<li>Perioada de stocare \u00een vederea proces\u0103rii;<\/li>\n\n\n\n<li>Drepturile dumneavoastr\u0103 \u0219i modul \u00een care pute\u021bi s\u0103 le exercita\u021bi;<\/li>\n\n\n\n<li>C\u0103tre cine putem transmite aceste date.<\/li>\n<\/ul>\n\n\n\n<p>De asemenea, dorim s\u0103 v\u0103 facem cunoscute m\u0103surile pe care le lu\u0103m pentru a garanta securitatea<br>datelor dumneavoastr\u0103 cu caracter personal precum \u0219i asupra modului \u00een care ne pute\u021bi contacta \u00een<br>chestiuni legate de confiden\u021bialitate \u0219i de protec\u021bie a datelor dumneavoastr\u0103 cu caracter personal.<\/p>\n\n\n\n<h2 class=\"wp-block-heading\">Cine suntem<\/h2>\n\n\n\n<p>SUMESHI este un restaurant cool, cu o ambian\u021b\u0103 prietenoas\u0103, av\u00e2nd un spa\u021biu foarte fresh. Peretele verde, ofer\u0103 un aer foarte natural \u0219i o senza\u021bie de relaxare totala.<\/p>\n\n\n\n<h2 class=\"wp-block-heading\">Scopul pentru care colect\u0103m \u0219i modul \u00een care folosim datele dumneavoastr\u0103 cu caracter personal<\/h2>\n\n\n\n<p>Societatea noastr\u0103 colecteaz\u0103 date \u00een urm\u0103toarele cazuri:<\/p>\n\n\n\n<ol class=\"wp-block-list\">\n<li>Dac\u0103 sunte\u021bi un client sau un poten\u021bial client:<br>Avem obliga\u0163ia de a administra \u00een condi\u0163ii de siguran\u0163\u0103 \u015fi numai pentru scopurile specificate datele personale pe care ni le furniza\u0163i despre dumneavoastr\u0103.<\/li>\n\n\n\n<li>Pentru a v\u0103 oferi serviciile noastre<br>V\u0103 solicit\u0103m date pentru a v\u0103 oferi serviciile noastre:<br>- a v\u0103 vinde produsele noastre in restaurant, acasa sau la birou;<br>- a v\u0103 vinde serviciile personalizate oferite;<br>- a v\u0103 livra comanda;<\/li>\n\n\n\n<li>Pentru a comunica cu dumneavoastr\u0103<br>Este important pentru noi s\u0103 putem comunica cu dumneavoastr\u0103 \u00een scopuri variate, cum ar fi acela de a afla opiniile dumneavoastr\u0103 asupra serviciilor noastre, acela de a solu\u021biona diverse sesiz\u0103ri ale dumneavoastr\u0103 sau acela de a v\u0103 putea oferi servicii personalizate, oferite \u00een timp util, \u00een format electronic.<\/li>\n\n\n\n<li>Obliga\u021bie legal\u0103<br>\u00cen anumite situa\u021bii v\u0103 putem solicita unele date cu caracter personal \u00een temeiul unei obliga\u021bii legale, impuse de legisla\u021bia \u00een vigoare.<\/li>\n\n\n\n<li>Trimiterea de inform\u0103ri (newsletter)<br>V\u0103 solicit\u0103m date pentru a v\u0103 trimite inform\u0103ri comerciale \/ newslettere, \u00een format electronic. Pentru acest lucru v\u0103 cerem consim\u021b\u0103m\u00e2ntul \/ acordul \u0219i adresa de po\u0219t\u0103 electronic\u0103, \u00een mod expres, \u0219i avem ca temei al prelucr\u0103rii interesul nostru legitim.<br><br>V\u0103 pute\u0163i retrage oric\u00e2nd consim\u0163\u0103m\u00e2ntul, exprim\u00e2nd astfel op\u0163iunea dumneavoastr\u0103 de a nu primi newsletter-ul nostru \u00een viitor, f\u0103c\u00e2nd click pe \u201edezabonare\u201d atunci c\u00e2nd primi\u0163i e-mailul respectiv.<br><br>Categoriile de date prelucrate \u00een contextul rela\u0163iei noastre cu dumneavoastr\u0103 sunt numele, telefonul, faxul, adresa, adresa de po\u015ft\u0103 electronic\u0103 (op\u021bional) precum \u015fi alte date personale pe care ni le pute\u0163i furniza direct si sunt folosite doar \u00een scopuri legitime de afaceri.<br>Utiliz\u0103m datele dumneavoastr\u0103 personale pentru a p\u0103stra contactul direct \u0219i a men\u0163ine rela\u0163ia contractual\u0103 cu dumneavoastr\u0103. Colect\u0103m aceste date av\u00e2nd ca temei \u00eencheierea de contracte comerciale.<\/li>\n\n\n\n<li>Comunicarea cu dumneavoastr\u0103<br>Utiliz\u0103m datele dumneavoastr\u0103 de contact pentru a comunica cu dumneavoastr\u0103 cu privire la orice probleme relevante legate de rela\u021bia noastr\u0103 contractual\u0103.<\/li>\n\n\n\n<li>Obliga\u021bie legal\u0103<br>\u00cen anumite situa\u021bii v\u0103 putem solicita unele date cu caracter personal \u00een temeiul unei obliga\u021bii legale, impuse de legisla\u021bia \u00een vigoare.<\/li>\n\n\n\n<li>Dac\u0103 sunte\u021bi un vizitator \u00een spa\u021biile Sumeshi<br>Utiliz\u0103m datele dumneavoastr\u0103 personale pentru a asigura securitatea, bunurilor \u015fi personalului nostru. \u00cen acest caz, ne baz\u0103m procesarea datelor pe interesul legitim al Maguro Food Concept SRL, \u0219i anume protec\u021bia acestor spa\u021bii, active \u0219i personal.<br>Categoriile de date prelucrate \u00een acest context sunt numele dumneavoastr\u0103 precum \u015fi alte date cu<br>caracter personal pe care ni le pute\u0163i furniza direct, la solicitarea noastr\u0103, precum \u0219i imaginile<br>dumneavoastr\u0103 \u00eenregistrate cu ajutorul sistemului de supraveghere video<\/li>\n\n\n\n<li>Dac\u0103 sunte\u021bi utilizator al site-ului nostru \u2013 www.sumeshi.ro<br>Folosim datele personale pe care le colect\u0103m de la dumneavoastr\u0103 atunci c\u00e2nd vizita\u0163i site-ul nostru de internet \u00een scopul de a monitoriza traficul \u015fi de a \u00eembun\u0103t\u0103\u0163i con\u0163inutul site-ului. Ne baz\u0103m \u00een aceast\u0103 activitate de procesare a datelor pe interesul nostru legitim de a asigura buna func\u0163ionare a site-ului noastru de internet, precum \u015fi \u00eembun\u0103t\u0103\u0163irea acestuia.<br><br>Categoriile de date prelucrate \u00een acest context sunt ora \u0219i data acces\u0103rii unui site Internet \u0219i adresa IP de la care a fost accesat site-ul respectiv.<br><br>Temeiurile de prelucrare a datelor cu caracter personal pot fi: o obliga\u021bie legal\u0103 (\u00een cazul \u00een care<br>suntem este obligati legal s\u0103 divulgam anumite date cu caracter personal autorit\u0103\u021bilor publice),<br>executarea unui contract \u00eencheiat \u00een contextul unei anumite tranzac\u021bii sau interesul legitim de a efectua o tranzac\u021bie \u00een cel mai eficient mod.<\/li>\n\n\n\n<li>Furnizarea de date cu caracter personal<br><br>Prelucrarea datelor cu caracter personal solicitate prin formulare\/contracte este obligatorie, cu exceptia cazului in care prelucrarea datelor se intemeiaza pe acordul Clientului (de ex: in caz de marketing direct sau luarea de decizii automate care produc efecte juridice sau efecte similare semnificative si care nu sunt necesare executarii unui contract sau indeplinirii unei obligatii legale), caz in care vei fi informat ca furnizarea datelor, respectiv a acordului este optionala.<br><br>In celelalte cazuri, refuzul dvs. va determina imposibilitatea de a furniza serviciile sau produsele<br>dorite.<br><br>Dac\u0103 furniza\u021bi date cu caracter personal ale altor persoane fizice, v\u0103 rug\u0103m s\u0103 comunica\u021bi acestora, \u00eenainte de o astfel de furnizare de date, modalitatea \u00een care inten\u021bioneaz\u0103 s\u0103 proceseze datele lor cu caracter personal, a\u0219a cum este descris \u00een aceast\u0103 politic\u0103 de confiden\u021bialitate.<\/li>\n\n\n\n<li>Transmiterea de date cu caracter personal c\u0103tre ter\u021bi<br><br>De\u0219i, ca o regul\u0103 general\u0103, noi nu divulg\u0103m datele dumneavoastr\u0103 personale c\u0103tre ter\u0163i, exist\u0103<br>posibilitatea:<br>- de a dezv\u0103lui datele de contact c\u0103tre furnizorii no\u0219tri de servicii de marketing (numai cu<br>consim\u021b\u0103m\u00e2ntul dumneavoastr\u0103);<br>- de a dezv\u0103lui datele de contact c\u0103tre furnizorii no\u0219tri de servicii de IT de sondare a gradului de<br>satisfac\u021bie;<br>- dac\u0103 exist\u0103 obliga\u021bia legal\u0103 de transmitere a datelor personale relevante c\u0103tre autorit\u0103\u0163i publice, \u00een<br>contextul furniz\u0103rii de c\u0103tre noi a serviciilor solicitate de dumneavoastr\u0103, autorit\u0103\u021bilor guvernamentale pentru a ne respecta obliga\u021biile reglementare, este posibil s\u0103 divulg\u0103m datele autorit\u0103\u021bilor relevante, de exemplu \u00een scopul combaterii actelor de terorism \u0219i prevenirii sp\u0103l\u0103rii de bani.<br><br>Autorit\u0103\u021bile c\u0103tre care suntem obliga\u021bi prin lege s\u0103 comunic\u0103m datele dvs. pot fi:<br>- Autorit\u0103\u021bilor publice, de reglementare \u0219i organismelor de supraveghere<br>- Autorit\u0103\u021bile fiscale<br>- Autorit\u0103\u021bilor judiciare\/de investiga\u021bie, cum ar fi poli\u021bia, procurorii publici, tribunalele<br>\u0219i organismele de arbitrare, la cererea expres\u0103 \u0219i legal\u0103 a acestora.<br>- Avoca\u021bilor \u0219i auditorilor companiei.<\/li>\n\n\n\n<li>Durata proces\u0103rii \u0219i p\u0103str\u0103rii datelor cu caracter personal<br><br>Inten\u0163ion\u0103m s\u0103 p\u0103str\u0103m datele dumneavoastr\u0103 cu caracter personal pentru o perioad\u0103 c\u00e2t mai scurt\u0103 de timp, at\u00e2t c\u00e2t ne sunt necesare \u00een scopul pentru care le-am solicitat ini\u021bial \u2013 de regul\u0103 36 de luni.<br><br>Exist\u0103 \u00eens\u0103 situa\u021bii \u00een care legisla\u021bia \u00een vigoare impune p\u0103strarea anumitor seturi de date pe perioade<br>mai \u00eendelungate de timp si pentru aceast\u0103 perioad\u0103, folosim solu\u021bii fezabile, ca de exemplu  arhivarea securizat\u0103.<\/li>\n\n\n\n<li>Drepturile dumneavoastr\u0103<br><br>\u00cen calitate de titular al datelor cu caracter personal, RGPD v\u0103 ofer\u0103 o serie de drepturi, inclusiv:<br>- dreptul de acces \u2013 v\u0103 permite s\u0103 ob\u0163ine\u0163i confirmarea faptului c\u0103 datele<br>dumneavoastr\u0103 personale sunt prelucrate de c\u0103tre noi \u015fi, dac\u0103 este afirmativ, care sunt<br>detaliile relevante ale acestor activit\u0103\u0163i de prelucrare;<br>- dreptul de rectificare \u2013 v\u0103 permite s\u0103 rectifica\u0163i datele dumneavoastr\u0103 personale dac\u0103<br>sunt incorecte;<br>- dreptul la \u015ftergere \u2013 v\u0103 permite s\u0103 ob\u0163ine\u0163i \u015ftergerea datelor dumneavoastr\u0103<br>personale \u00een anumite cazuri, ca de exemplu:<br>- dac\u0103 datele nu mai sunt necesare \u00een leg\u0103tur\u0103 cu scopurile pentru care au fost<br>colectate);<br>- dac\u0103 procesarea s-a bazat pe consim\u0163\u0103m\u00e2ntul dumneavoastr\u0103 \u015fi dac\u0103 v-a\u0163i<br>retras consim\u0163\u0103m\u00e2ntul, consim\u0163\u0103m\u00e2ntul dumneavoastr\u0103 a expirat sau \u00een cazul \u00een<br>care nu mai exist\u0103 un temei juridic pentru procesarea datelor dumneavoastr\u0103<br>personale;<br>- instan\u0163\u0103 sau o autoritate de reglementare a decis c\u0103 datele dumneavoastr\u0103 cu<br>caracter personal \u00een cauz\u0103 trebuie \u015fterse;<br>- dac\u0103 se dovede\u0219te c\u0103 datele dumneavoastr\u0103 personale au fost prelucrate \u00een<br>mod ilegal<br>- dreptul la restric\u0163ionare \u2013 v\u0103 permite s\u0103 ob\u0163ine\u0163i restric\u0163ia de procesare a datelor<br>dumneavoastr\u0103 cu caracter personal \u00een anumite cazuri (de exemplu, atunci c\u00e2nd contesta\u0163i<br>acurate\u0163ea datelor dumneavoastr\u0103 cu caracter personal, pentru o perioad\u0103 care ne permite<br>s\u0103 verific\u0103m aceast\u0103 acurate\u0163e);<br>- dreptul de a obiecta \u2013 v\u0103 permite s\u0103 obiecta\u0163i la procesarea ulterioar\u0103 a datelor<br>dumneavoastr\u0103 cu caracter personal \u00een condi\u0163iile \u015fi limitele stabilite de lege;<br>- dreptul la portabilitatea datelor \u2013 v\u0103 permite s\u0103 primi\u021bi datele cu caracter personal<br>pe care ni le-a\u021bi furnizat, \u00eentr-un format structurat, utilizat \u00een mod obi\u0219nuit \u0219i lizibil, sau s\u0103<br>transmite\u021bi aceste date unui alt operator de date.<br>- dreptul la reclama\u021bii \u2013 \u00een cazul \u00een care nu sunte\u021bi satisf\u0103cut de modul \u00een care am<br>r\u0103spuns solicit\u0103rilor dvs., ave\u021bi dreptul s\u0103 face\u021bi o reclama\u021bie. Dac\u0103 sunte\u021bi \u00een continuare<br>nemul\u021bumit de reac\u021bia noastr\u0103 la reclama\u021bia pe care ne-a\u021bi \u00eenaintat-o, pute\u021bi s\u0103 o trimite\u021bi<br>mai departe c\u0103tre Responsabilul cu protec\u021bia datelor din cadrul Maguro Food Concept SRL. De asemenea, pute\u021bi contacta autoritatea pentru protec\u021bia datelor.<br><br>Suntem bucuro\u015fi s\u0103 v\u0103 asigur\u0103m exercitarea acestor drepturi, cu excep\u0163ia cazului \u00een care acest lucru se dovede\u015fte imposibil sau implic\u0103 un efort dispropor\u0163ionat.<br><br>Pute\u0163i s\u0103 v\u0103 exercita\u0163i drepturile men\u0163ionate mai sus si ave\u0163i dreptul de a depune o pl\u00e2ngere la<br>autoritatea de protec\u0163ie a datelor.<br><br>Ne-am angajat s\u0103 trat\u0103m \u00eentotdeauna solicit\u0103rile dumneavoastr\u0103 cu cea mai mare aten\u0163ie \u015fi pute\u021bi<br>adresa orice \u00eentreb\u0103ri pentru a primi r\u0103spuns \u00een cel mai scurt timp posibil.<\/li>\n\n\n\n<li>Versiuni ale acestei politici de confiden\u021bialitate<br><br>Prezenta politic\u0103 de confiden\u0163ialitate se va completa cu prevederile Regulamentului UE 2016\/679<br>privind protec\u0163ia persoanelor fizice \u00een ceea ce prive\u015fte prelucrarea datelor cu caracter personal \u015fi<br>privind libera circula\u0163ie a acestor date \u0219i al altor dispozi\u021bii de drept al Uniunii sau drept intern<br>referitoare la protec\u021bia datelor.<br><br>Politica de Confiden\u021bialitate poate fi actualizat\u0103 \u00een func\u021bie de modific\u0103rile legislative ce pot ap\u0103rea.<\/li>\n<\/ol>\n","protected":false},"excerpt":{"rendered":"<p>Comenzi \u0219i Livrare Confiden\u021bialitatea datelor Restaurant Sumeshi va colecta, prin intermediul site-ului www.sumeshi.ro, datele relevante privind Clientul si comanda acestuia, respectiv numarul de telefon sau alte date de identificare a Clientului si tipul de Produs comandat. Toate datele personale transmise c\u0103tre ww.sumeshi.ro sunt strict confiden\u021biale \u0219i ne oblig\u0103m s\u0103 nu trimitem mai departe aceste date [&hellip;]<\/p>\n","protected":false},"author":1,"featured_media":0,"parent":0,"menu_order":0,"comment_status":"closed","ping_status":"closed","template":"","meta":{"footnotes":""},"class_list":["post-38","page","type-page","status-publish","hentry"],"_links":{"self":[{"href":"https:\/\/www.sumeshi.ro\/prosper\/wp-json\/wp\/v2\/pages\/38","targetHints":{"allow":["GET"]}}],"collection":[{"href":"https:\/\/www.sumeshi.ro\/prosper\/wp-json\/wp\/v2\/pages"}],"about":[{"href":"https:\/\/www.sumeshi.ro\/prosper\/wp-json\/wp\/v2\/types\/page"}],"author":[{"embeddable":true,"href":"https:\/\/www.sumeshi.ro\/prosper\/wp-json\/wp\/v2\/users\/1"}],"replies":[{"embeddable":true,"href":"https:\/\/www.sumeshi.ro\/prosper\/wp-json\/wp\/v2\/comments?post=38"}],"version-history":[{"count":4,"href":"https:\/\/www.sumeshi.ro\/prosper\/wp-json\/wp\/v2\/pages\/38\/revisions"}],"predecessor-version":[{"id":2335,"href":"https:\/\/www.sumeshi.ro\/prosper\/wp-json\/wp\/v2\/pages\/38\/revisions\/2335"}],"wp:attachment":[{"href":"https:\/\/www.sumeshi.ro\/prosper\/wp-json\/wp\/v2\/media?parent=38"}],"curies":[{"name":"wp","href":"https:\/\/api.w.org\/{rel}","templated":true}]}}