{"id":108,"date":"2022-06-14T10:54:28","date_gmt":"2022-06-14T10:54:28","guid":{"rendered":"https:\/\/www.sumeshi.ro\/prosper\/?post_type=product&#038;p=108"},"modified":"2025-12-19T09:27:55","modified_gmt":"2025-12-19T07:27:55","slug":"philadelphia-roll","status":"publish","type":"product","link":"https:\/\/www.sumeshi.ro\/prosper\/product\/philadelphia-roll\/","title":{"rendered":"Philadelphia Roll"},"content":{"rendered":"","protected":false},"excerpt":{"rendered":"<p>Somon proasp\u0103t, avocado, castrave\u021bi, crem\u0103 de br\u00e2nz\u0103, orez, alge nori<span data-sheets-value=\"{&quot;1&quot;:2,&quot;2&quot;:&quot;Philadephia Roll&quot;}\" data-sheets-userformat=\"{&quot;2&quot;:14915,&quot;3&quot;:{&quot;1&quot;:0},&quot;4&quot;:{&quot;1&quot;:2,&quot;2&quot;:14737632},&quot;9&quot;:1,&quot;12&quot;:0,&quot;14&quot;:{&quot;1&quot;:2,&quot;2&quot;:5263440},&quot;15&quot;:&quot;Roboto, Arial, sans-serif&quot;,&quot;16&quot;:11}\">.<\/span><\/p>\n<p>Sos de soia, ghimbir \u0219i past\u0103 wasabi inclus.<\/p>\n<p><span data-sheets-value=\"{&quot;1&quot;:2,&quot;2&quot;:&quot;Philadephia Roll&quot;}\" data-sheets-userformat=\"{&quot;2&quot;:14915,&quot;3&quot;:{&quot;1&quot;:0},&quot;4&quot;:{&quot;1&quot;:2,&quot;2&quot;:14737632},&quot;9&quot;:1,&quot;12&quot;:0,&quot;14&quot;:{&quot;1&quot;:2,&quot;2&quot;:5263440},&quot;15&quot;:&quot;Roboto, Arial, sans-serif&quot;,&quot;16&quot;:11}\">270g\/XXL 310g<\/span><\/p>\n","protected":false},"featured_media":1824,"template":"","meta":[],"product_brand":[],"product_cat":[21],"product_tag":[],"class_list":{"0":"post-108","1":"product","2":"type-product","3":"status-publish","4":"has-post-thumbnail","6":"product_cat-rolls","8":"first","9":"instock","10":"shipping-taxable","11":"product-type-simple"},"_links":{"self":[{"href":"https:\/\/www.sumeshi.ro\/prosper\/wp-json\/wp\/v2\/product\/108","targetHints":{"allow":["GET"]}}],"collection":[{"href":"https:\/\/www.sumeshi.ro\/prosper\/wp-json\/wp\/v2\/product"}],"about":[{"href":"https:\/\/www.sumeshi.ro\/prosper\/wp-json\/wp\/v2\/types\/product"}],"wp:featuredmedia":[{"embeddable":true,"href":"https:\/\/www.sumeshi.ro\/prosper\/wp-json\/wp\/v2\/media\/1824"}],"wp:attachment":[{"href":"https:\/\/www.sumeshi.ro\/prosper\/wp-json\/wp\/v2\/media?parent=108"}],"wp:term":[{"taxonomy":"product_brand","embeddable":true,"href":"https:\/\/www.sumeshi.ro\/prosper\/wp-json\/wp\/v2\/product_brand?post=108"},{"taxonomy":"product_cat","embeddable":true,"href":"https:\/\/www.sumeshi.ro\/prosper\/wp-json\/wp\/v2\/product_cat?post=108"},{"taxonomy":"product_tag","embeddable":true,"href":"https:\/\/www.sumeshi.ro\/prosper\/wp-json\/wp\/v2\/product_tag?post=108"}],"curies":[{"name":"wp","href":"https:\/\/api.w.org\/{rel}","templated":true}]}}