{"id":2042,"date":"2024-02-08T18:50:55","date_gmt":"2024-02-08T15:50:55","guid":{"rendered":"https:\/\/www.sumeshi.ro\/prosper\/?post_type=product&#038;p=2042"},"modified":"2025-12-19T09:05:43","modified_gmt":"2025-12-19T07:05:43","slug":"unagi-eel-baked","status":"publish","type":"product","link":"https:\/\/www.sumeshi.ro\/prosper\/product\/unagi-eel-baked\/","title":{"rendered":"Unagi Eel Baked"},"content":{"rendered":"","protected":false},"excerpt":{"rendered":"<p>Orez, alge nori, susan, anghil\u0103 pr\u0103jit\u0103, crem\u0103 de br\u00e2nz\u0103, castrave\u021bi, parmezan, sos unagi, maionez\u0103, ardei gras.<\/p>\n<p>Include sos de soia, wasabi \u0219i ghimbir.<\/p>\n<p>330g<\/p>\n","protected":false},"featured_media":2081,"template":"","meta":[],"product_brand":[],"product_cat":[21],"product_tag":[],"class_list":{"0":"post-2042","1":"product","2":"type-product","3":"status-publish","4":"has-post-thumbnail","6":"product_cat-rolls","8":"first","9":"instock","10":"shipping-taxable","11":"product-type-simple"},"_links":{"self":[{"href":"https:\/\/www.sumeshi.ro\/prosper\/wp-json\/wp\/v2\/product\/2042","targetHints":{"allow":["GET"]}}],"collection":[{"href":"https:\/\/www.sumeshi.ro\/prosper\/wp-json\/wp\/v2\/product"}],"about":[{"href":"https:\/\/www.sumeshi.ro\/prosper\/wp-json\/wp\/v2\/types\/product"}],"wp:featuredmedia":[{"embeddable":true,"href":"https:\/\/www.sumeshi.ro\/prosper\/wp-json\/wp\/v2\/media\/2081"}],"wp:attachment":[{"href":"https:\/\/www.sumeshi.ro\/prosper\/wp-json\/wp\/v2\/media?parent=2042"}],"wp:term":[{"taxonomy":"product_brand","embeddable":true,"href":"https:\/\/www.sumeshi.ro\/prosper\/wp-json\/wp\/v2\/product_brand?post=2042"},{"taxonomy":"product_cat","embeddable":true,"href":"https:\/\/www.sumeshi.ro\/prosper\/wp-json\/wp\/v2\/product_cat?post=2042"},{"taxonomy":"product_tag","embeddable":true,"href":"https:\/\/www.sumeshi.ro\/prosper\/wp-json\/wp\/v2\/product_tag?post=2042"}],"curies":[{"name":"wp","href":"https:\/\/api.w.org\/{rel}","templated":true}]}}