{"id":217,"date":"2026-02-14T22:02:19","date_gmt":"2026-02-14T20:02:19","guid":{"rendered":"https:\/\/www.sumeshi.ro\/prosper\/?post_type=product&#038;p=217"},"modified":"2026-02-14T22:02:19","modified_gmt":"2026-02-14T20:02:19","slug":"tom-yum","status":"publish","type":"product","link":"https:\/\/www.sumeshi.ro\/prosper\/product\/tom-yum\/","title":{"rendered":"Tom Yum Soup"},"content":{"rendered":"","protected":false},"excerpt":{"rendered":"<p>Creve\u021bi congela\u0163i, lapte de cocos, past\u0103 tom yum, lemongrass, orez, ciuperci champignon, ceap\u0103 verde, ro\u0219ii cherry<\/p>\n<p>420\/30g<\/p>\n","protected":false},"featured_media":2020,"template":"","meta":[],"product_brand":[],"product_cat":[31],"product_tag":[],"class_list":{"0":"post-217","1":"product","2":"type-product","3":"status-publish","4":"has-post-thumbnail","6":"product_cat-supe","8":"first","9":"instock","10":"shipping-taxable","11":"product-type-simple"},"_links":{"self":[{"href":"https:\/\/www.sumeshi.ro\/prosper\/wp-json\/wp\/v2\/product\/217","targetHints":{"allow":["GET"]}}],"collection":[{"href":"https:\/\/www.sumeshi.ro\/prosper\/wp-json\/wp\/v2\/product"}],"about":[{"href":"https:\/\/www.sumeshi.ro\/prosper\/wp-json\/wp\/v2\/types\/product"}],"wp:featuredmedia":[{"embeddable":true,"href":"https:\/\/www.sumeshi.ro\/prosper\/wp-json\/wp\/v2\/media\/2020"}],"wp:attachment":[{"href":"https:\/\/www.sumeshi.ro\/prosper\/wp-json\/wp\/v2\/media?parent=217"}],"wp:term":[{"taxonomy":"product_brand","embeddable":true,"href":"https:\/\/www.sumeshi.ro\/prosper\/wp-json\/wp\/v2\/product_brand?post=217"},{"taxonomy":"product_cat","embeddable":true,"href":"https:\/\/www.sumeshi.ro\/prosper\/wp-json\/wp\/v2\/product_cat?post=217"},{"taxonomy":"product_tag","embeddable":true,"href":"https:\/\/www.sumeshi.ro\/prosper\/wp-json\/wp\/v2\/product_tag?post=217"}],"curies":[{"name":"wp","href":"https:\/\/api.w.org\/{rel}","templated":true}]}}